{"id":4433,"date":"2025-03-26T10:25:35","date_gmt":"2025-03-26T08:25:35","guid":{"rendered":"https:\/\/boxstorage.gr\/consigne-a-bagages-a-petralona\/"},"modified":"2025-04-04T11:38:02","modified_gmt":"2025-04-04T08:38:02","slug":"consigne-a-bagages-a-petralona","status":"publish","type":"page","link":"https:\/\/boxstorage.gr\/fr\/consigne-a-bagages-a-petralona\/","title":{"rendered":"Consigne \u00e0 bagages \u00e0 Petralona"},"content":{"rendered":"<p><div class=\"fusion-fullwidth fullwidth-box fusion-builder-row-1 fusion-flex-container has-pattern-background has-mask-background nonhundred-percent-fullwidth non-hundred-percent-height-scrolling\" style=\"--awb-border-radius-top-left:0px;--awb-border-radius-top-right:0px;--awb-border-radius-bottom-right:0px;--awb-border-radius-bottom-left:0px;--awb-flex-wrap:wrap;\" ><div class=\"fusion-builder-row fusion-row fusion-flex-align-items-center fusion-flex-content-wrap\" style=\"max-width:1393.6px;margin-left: calc(-4% \/ 2 );margin-right: calc(-4% \/ 2 );\"><div class=\"fusion-layout-column fusion_builder_column fusion-builder-column-0 fusion_builder_column_1_2 1_2 fusion-flex-column\" style=\"--awb-bg-size:cover;--awb-width-large:50%;--awb-margin-top-large:0px;--awb-spacing-right-large:3.84%;--awb-margin-bottom-large:0px;--awb-spacing-left-large:3.84%;--awb-width-medium:50%;--awb-order-medium:0;--awb-spacing-right-medium:3.84%;--awb-margin-bottom-medium:20px;--awb-spacing-left-medium:3.84%;--awb-width-small:100%;--awb-order-small:0;--awb-spacing-right-small:1.92%;--awb-spacing-left-small:1.92%;\"><div class=\"fusion-column-wrapper fusion-column-has-shadow fusion-flex-justify-content-flex-start fusion-content-layout-column\"><div class=\"fusion-title title fusion-title-1 fusion-sep-none fusion-title-text fusion-title-size-two\" style=\"--awb-text-color:var(--awb-color7);\"><h2 class=\"fusion-title-heading title-heading-left fusion-responsive-typography-calculated\" style=\"margin:0;--fontSize:54;line-height:1.2;\"><p style=\"text-align: left;\"><strong>Consigne \u00e0 bagages \u00e0 Petralona<\/strong><\/p><\/h2><\/div><div class=\"fusion-separator\" style=\"align-self: flex-start;margin-right:auto;margin-top:15px;margin-bottom:35px;width:100%;max-width:50px;\"><div class=\"fusion-separator-border sep-single sep-solid\" style=\"--awb-height:20px;--awb-amount:20px;--awb-sep-color:var(--awb-color7);border-color:var(--awb-color7);border-top-width:2px;\"><\/div><\/div><div class=\"fusion-text fusion-text-1\" style=\"--awb-text-transform:none;--awb-text-color:#000000;\"><p>Notre entreprise offre des services de consigne \u00e0 bagages fiables \u00e0 Petralona, en fournissant des espaces s\u00fbrs et confortables pour le stockage temporaire de vos bagages. Nos espaces sont propres, r\u00e9nov\u00e9s et enti\u00e8rement \u00e9quip\u00e9s pour garantir la protection de vos affaires. Nos services s&rsquo;adressent aux touristes, aux professionnels ou \u00e0 toute personne ayant besoin d&rsquo;un espace fiable et pratique pour stocker ses bagages pendant quelques heures ou quelques jours.<\/p>\n<\/div><\/div><\/div><div class=\"fusion-layout-column fusion_builder_column fusion-builder-column-1 fusion_builder_column_1_2 1_2 fusion-flex-column\" style=\"--awb-bg-size:cover;--awb-width-large:50%;--awb-margin-top-large:0px;--awb-spacing-right-large:0px;--awb-margin-bottom-large:0px;--awb-spacing-left-large:3.84%;--awb-width-medium:25%;--awb-order-medium:0;--awb-margin-top-medium:30px;--awb-spacing-right-medium:0px;--awb-spacing-left-medium:7.68%;--awb-width-small:50%;--awb-order-small:0;--awb-spacing-right-small:0px;--awb-spacing-left-small:3.84%;\" data-scroll-devices=\"small-visibility,medium-visibility,large-visibility\"><div class=\"fusion-column-wrapper fusion-column-has-shadow fusion-flex-justify-content-flex-start fusion-content-layout-column\"><div class=\"fusion-image-element md-text-align-right\" style=\"--awb-aspect-ratio:5 \/ 4;--awb-object-position:16% 47%;--awb-caption-title-font-family:var(--h2_typography-font-family);--awb-caption-title-font-weight:var(--h2_typography-font-weight);--awb-caption-title-font-style:var(--h2_typography-font-style);--awb-caption-title-size:var(--h2_typography-font-size);--awb-caption-title-transform:var(--h2_typography-text-transform);--awb-caption-title-line-height:var(--h2_typography-line-height);--awb-caption-title-letter-spacing:var(--h2_typography-letter-spacing);\"><span class=\" fusion-imageframe imageframe-none imageframe-1 hover-type-none has-aspect-ratio\" style=\"border-radius:10px;\"><img decoding=\"async\" width=\"878\" height=\"1200\" alt=\"Consigne \u00e0 bagages \u00e0 Ath\u00e8nes.\" title=\"filaxi-aposkevon\" src=\"https:\/\/boxstorage.gr\/wp-content\/uploads\/2025\/03\/filaxi-aposkevon.jpg\" data-orig-src=\"https:\/\/boxstorage.gr\/wp-content\/uploads\/2025\/03\/filaxi-aposkevon.jpg\" class=\"lazyload img-responsive wp-image-4222 img-with-aspect-ratio\" data-parent-fit=\"cover\" data-parent-container=\".fusion-image-element\" srcset=\"data:image\/svg+xml,%3Csvg%20xmlns%3D%27http%3A%2F%2Fwww.w3.org%2F2000%2Fsvg%27%20width%3D%27878%27%20height%3D%271200%27%20viewBox%3D%270%200%20878%201200%27%3E%3Crect%20width%3D%27878%27%20height%3D%271200%27%20fill-opacity%3D%220%22%2F%3E%3C%2Fsvg%3E\" data-srcset=\"https:\/\/boxstorage.gr\/wp-content\/uploads\/2025\/03\/filaxi-aposkevon-200x273.jpg 200w, https:\/\/boxstorage.gr\/wp-content\/uploads\/2025\/03\/filaxi-aposkevon-400x547.jpg 400w, https:\/\/boxstorage.gr\/wp-content\/uploads\/2025\/03\/filaxi-aposkevon-600x820.jpg 600w, https:\/\/boxstorage.gr\/wp-content\/uploads\/2025\/03\/filaxi-aposkevon-800x1093.jpg 800w, https:\/\/boxstorage.gr\/wp-content\/uploads\/2025\/03\/filaxi-aposkevon.jpg 878w\" data-sizes=\"auto\" data-orig-sizes=\"(max-width: 768px) 100vw, 800px\" \/><\/span><\/div><\/div><\/div><\/div><\/div><div class=\"fusion-fullwidth fullwidth-box fusion-builder-row-2 fusion-flex-container has-pattern-background has-mask-background nonhundred-percent-fullwidth non-hundred-percent-height-scrolling\" style=\"--awb-border-color:rgba(84,37,98,0.53);--awb-border-radius-top-left:0px;--awb-border-radius-top-right:0px;--awb-border-radius-bottom-right:0px;--awb-border-radius-bottom-left:0px;--awb-padding-top:100px;--awb-padding-bottom:100px;--awb-margin-top:7vh;--awb-margin-bottom:7vh;--awb-background-color:rgba(84,37,98,0.53);--awb-flex-wrap:wrap;\" ><div class=\"fusion-builder-row fusion-row fusion-flex-align-items-flex-start fusion-flex-justify-content-space-between fusion-flex-content-wrap\" style=\"max-width:1393.6px;margin-left: calc(-4% \/ 2 );margin-right: calc(-4% \/ 2 );\"><div class=\"fusion-layout-column fusion_builder_column fusion-builder-column-2 fusion_builder_column_2_3 2_3 fusion-flex-column\" style=\"--awb-bg-size:cover;--awb-width-large:66.666666666667%;--awb-margin-top-large:0px;--awb-spacing-right-large:2.88%;--awb-margin-bottom-large:0px;--awb-spacing-left-large:2.88%;--awb-width-medium:66.666666666667%;--awb-order-medium:0;--awb-spacing-right-medium:2.88%;--awb-spacing-left-medium:2.88%;--awb-width-small:100%;--awb-order-small:0;--awb-spacing-right-small:1.92%;--awb-spacing-left-small:1.92%;\" data-scroll-devices=\"small-visibility,medium-visibility,large-visibility\"><div class=\"fusion-column-wrapper fusion-column-has-shadow fusion-flex-justify-content-flex-start fusion-content-layout-column\"><div class=\"fusion-title title fusion-title-2 fusion-sep-none fusion-title-text fusion-title-size-div\" style=\"--awb-text-color:#000000;--awb-margin-bottom:5px;--awb-font-size:37px;\"><div class=\"fusion-title-heading title-heading-left title-heading-tag fusion-responsive-typography-calculated\" style=\"font-family:&quot;Manrope&quot;;font-style:normal;font-weight:400;margin:0;font-size:1em;--fontSize:37;line-height:1.2;\">Consigne \u00e0 bagages \u00e0 Petralona, pourquoi chez nous ?<\/div><\/div><div class=\"fusion-title title fusion-title-3 fusion-sep-none fusion-title-center fusion-title-text fusion-title-size-two\" style=\"--awb-text-color:#ffffff;--awb-font-size:18px;\"><h2 class=\"fusion-title-heading title-heading-center fusion-responsive-typography-calculated\" style=\"margin:0;font-size:1em;--fontSize:18;--minFontSize:18;line-height:1.35;\"><p style=\"text-align: left;\">Avec notre exp\u00e9rience de plusieurs ann\u00e9es dans le domaine de la consigne et du stockage, nous vous offrons une solution fiable et s\u00e9curis\u00e9e pour la garde de vos bagages. Nos espaces sont \u00e9quip\u00e9s des syst\u00e8mes de s\u00e9curit\u00e9 les plus modernes, garantissant la protection de vos effets personnels. <\/p>\n<ul>\n<li style=\"text-align: left;\">Tarifs abordables pour la consigne temporaire.<\/li>\n<li style=\"text-align: left;\">Syst\u00e8mes modernes de s\u00e9curit\u00e9, de d\u00e9tection d&rsquo;incendie, de s\u00e9curit\u00e9 incendie et de ventilation.<\/li>\n<li style=\"text-align: left;\">Personnel sympathique et sp\u00e9cialis\u00e9.<\/li>\n<li style=\"text-align: left;\">Processus de prise en charge et de restitution rapide et facile.<\/li>\n<li style=\"text-align: left;\">Horaires de prise en charge et de restitution flexibles.<\/li>\n<li style=\"text-align: left;\">Acc\u00e8s \u00e0 des espaces s\u00e9curis\u00e9s avec un code personnel.<\/li>\n<li style=\"text-align: left;\">Acc\u00e8s rapide \u00e0 l\u2019entrep\u00f4t en 30 minutes en voiture depuis n\u2019importe quel point de Petralona.<\/li>\n<\/ul><\/h2><\/div><\/div><\/div><div class=\"fusion-layout-column fusion_builder_column fusion-builder-column-3 fusion_builder_column_1_3 1_3 fusion-flex-column fusion-flex-align-self-center\" style=\"--awb-bg-size:cover;--awb-width-large:33.333333333333%;--awb-margin-top-large:0px;--awb-spacing-right-large:5.76%;--awb-margin-bottom-large:0px;--awb-spacing-left-large:5.76%;--awb-width-medium:33.333333333333%;--awb-order-medium:0;--awb-spacing-right-medium:5.76%;--awb-spacing-left-medium:5.76%;--awb-width-small:100%;--awb-order-small:0;--awb-spacing-right-small:1.92%;--awb-spacing-left-small:1.92%;\" data-scroll-devices=\"small-visibility,medium-visibility,large-visibility\"><div class=\"fusion-column-wrapper fusion-column-has-shadow fusion-flex-justify-content-center fusion-content-layout-column\"><div class=\"fusion-title title fusion-title-4 fusion-sep-none fusion-title-center fusion-title-text fusion-title-size-three\" style=\"--awb-text-color:var(--awb-color1);--awb-margin-bottom:5px;--awb-font-size:25px;\"><h3 class=\"fusion-title-heading title-heading-center fusion-responsive-typography-calculated\" style=\"font-family:&quot;Manrope&quot;;font-style:normal;font-weight:400;margin:0;font-size:1em;--fontSize:25;--minFontSize:25;line-height:1.2;\"><p style=\"text-align: center;\">Pour la consigne \u00e0 bagages \u00e0 Petralona, contactez-nous.<\/p><\/h3><\/div><div style=\"text-align:center;\"><a class=\"fusion-button button-flat fusion-button-default-size button-custom fusion-button-default button-1 fusion-button-default-span fusion-button-default-type\" style=\"--button_accent_color:var(--awb-color1);--button_border_color:var(--awb-color1);--button_accent_hover_color:#ffffff;--button_border_hover_color:rgba(255,255,255,0);--button_gradient_top_color:var(--awb-color4);--button_gradient_bottom_color:var(--awb-color4);--button_gradient_top_color_hover:#2c2568;--button_gradient_bottom_color_hover:#2c2568;--button_margin-top:20px;\" target=\"_self\" href=\"https:\/\/boxstorage.gr\/fr\/contact\/\"><span class=\"fusion-button-text awb-button__text awb-button__text--default\">CONTACT<\/span><\/a><\/div><\/div><\/div><\/div><\/div><div class=\"fusion-fullwidth fullwidth-box fusion-builder-row-3 fusion-flex-container has-pattern-background has-mask-background nonhundred-percent-fullwidth non-hundred-percent-height-scrolling\" style=\"--awb-border-radius-top-left:0px;--awb-border-radius-top-right:0px;--awb-border-radius-bottom-right:0px;--awb-border-radius-bottom-left:0px;--awb-margin-top:50px;--awb-margin-bottom:100px;--awb-flex-wrap:wrap;\" ><div class=\"fusion-builder-row fusion-row fusion-flex-align-items-center fusion-flex-justify-content-space-around fusion-flex-content-wrap\" style=\"max-width:1393.6px;margin-left: calc(-4% \/ 2 );margin-right: calc(-4% \/ 2 );\"><div class=\"fusion-layout-column fusion_builder_column fusion-builder-column-4 fusion_builder_column_1_2 1_2 fusion-flex-column fusion-flex-align-self-center\" style=\"--awb-bg-size:cover;--awb-width-large:50%;--awb-margin-top-large:0px;--awb-spacing-right-large:3.84%;--awb-margin-bottom-large:0px;--awb-spacing-left-large:3.84%;--awb-width-medium:25%;--awb-order-medium:0;--awb-margin-top-medium:30px;--awb-spacing-right-medium:7.68%;--awb-spacing-left-medium:7.68%;--awb-width-small:50%;--awb-order-small:0;--awb-spacing-right-small:3.84%;--awb-spacing-left-small:3.84%;\"><div class=\"fusion-column-wrapper fusion-column-has-shadow fusion-flex-justify-content-flex-start fusion-content-layout-column\"><div class=\"fusion-image-element \" style=\"--awb-aspect-ratio:5 \/ 4;--awb-object-position:17% 49%;--awb-caption-title-font-family:var(--h2_typography-font-family);--awb-caption-title-font-weight:var(--h2_typography-font-weight);--awb-caption-title-font-style:var(--h2_typography-font-style);--awb-caption-title-size:var(--h2_typography-font-size);--awb-caption-title-transform:var(--h2_typography-text-transform);--awb-caption-title-line-height:var(--h2_typography-line-height);--awb-caption-title-letter-spacing:var(--h2_typography-letter-spacing);\"><span class=\" fusion-imageframe imageframe-none imageframe-2 hover-type-none has-aspect-ratio\" style=\"border-radius:10px;\"><img decoding=\"async\" width=\"700\" height=\"1050\" alt=\"Consigne \u00e0 bagages \u00e0 Petralona\" src=\"https:\/\/boxstorage.gr\/wp-content\/uploads\/2024\/03\/storages-attiki.jpg\" data-orig-src=\"https:\/\/boxstorage.gr\/wp-content\/uploads\/2024\/03\/storages-attiki.jpg\" class=\"lazyload img-responsive wp-image-3609 img-with-aspect-ratio\" data-parent-fit=\"cover\" data-parent-container=\".fusion-image-element\" srcset=\"data:image\/svg+xml,%3Csvg%20xmlns%3D%27http%3A%2F%2Fwww.w3.org%2F2000%2Fsvg%27%20width%3D%27700%27%20height%3D%271050%27%20viewBox%3D%270%200%20700%201050%27%3E%3Crect%20width%3D%27700%27%20height%3D%271050%27%20fill-opacity%3D%220%22%2F%3E%3C%2Fsvg%3E\" data-srcset=\"https:\/\/boxstorage.gr\/wp-content\/uploads\/2024\/03\/storages-attiki-200x300.jpg 200w, https:\/\/boxstorage.gr\/wp-content\/uploads\/2024\/03\/storages-attiki-400x600.jpg 400w, https:\/\/boxstorage.gr\/wp-content\/uploads\/2024\/03\/storages-attiki-600x900.jpg 600w, https:\/\/boxstorage.gr\/wp-content\/uploads\/2024\/03\/storages-attiki.jpg 700w\" data-sizes=\"auto\" data-orig-sizes=\"(max-width: 768px) 100vw, 700px\" \/><\/span><\/div><\/div><\/div><div class=\"fusion-layout-column fusion_builder_column fusion-builder-column-5 fusion_builder_column_1_2 1_2 fusion-flex-column\" style=\"--awb-bg-size:cover;--awb-width-large:50%;--awb-margin-top-large:0px;--awb-spacing-right-large:3.84%;--awb-margin-bottom-large:0px;--awb-spacing-left-large:3.84%;--awb-width-medium:50%;--awb-order-medium:0;--awb-spacing-right-medium:3.84%;--awb-margin-bottom-medium:20px;--awb-spacing-left-medium:3.84%;--awb-width-small:100%;--awb-order-small:0;--awb-spacing-right-small:1.92%;--awb-spacing-left-small:1.92%;\"><div class=\"fusion-column-wrapper fusion-column-has-shadow fusion-flex-justify-content-flex-start fusion-content-layout-column\"><div class=\"fusion-title title fusion-title-5 fusion-sep-none fusion-title-text fusion-title-size-two\" style=\"--awb-text-color:var(--awb-color7);--awb-font-size:25px;\"><h2 class=\"fusion-title-heading title-heading-left fusion-responsive-typography-calculated\" style=\"margin:0;font-size:1em;--fontSize:25;--minFontSize:25;line-height:1.2;\"><strong>Consigne \u00e0 bagages facile \u00e0 Petralona<\/strong><\/h2><\/div><div class=\"fusion-separator\" style=\"align-self: flex-start;margin-right:auto;margin-top:15px;margin-bottom:35px;width:100%;max-width:80px;\"><div class=\"fusion-separator-border sep-single sep-solid\" style=\"--awb-height:20px;--awb-amount:20px;--awb-sep-color:var(--awb-color7);border-color:var(--awb-color7);border-top-width:2px;\"><\/div><\/div><div class=\"fusion-text fusion-text-2\" style=\"--awb-text-transform:none;--awb-text-color:#000000;\"><p>Une fois le processus de consigne termin\u00e9, le client re\u00e7oit la cl\u00e9 de son espace de stockage ou un code d&rsquo;acc\u00e8s personnel, lui permettant d&rsquo;acc\u00e9der facilement et en toute s\u00e9curit\u00e9 \u00e0 ses bagages \u00e0 tout moment pendant nos heures d&rsquo;ouverture (08:00 &#8211; 22:00).<\/p>\n<ul>\n<li> Prise en charge et restitution de vos bagages facile et rapide.<\/li>\n<li>Couverture d&rsquo;assurance pour la protection de vos bagages.<\/li>\n<li>Des espaces r\u00e9nov\u00e9s et propres dans des installations modernes.<\/li>\n<li>Acc\u00e8s facile aux espaces de consigne, sans rendez-vous.<\/li>\n<\/ul>\n<\/div><\/div><\/div><\/div><\/div><\/p>\n","protected":false},"excerpt":{"rendered":"","protected":false},"author":5,"featured_media":0,"parent":0,"menu_order":0,"comment_status":"closed","ping_status":"closed","template":"100-width.php","meta":{"footnotes":""},"class_list":["post-4433","page","type-page","status-publish","hentry"],"aioseo_notices":[],"_links":{"self":[{"href":"https:\/\/boxstorage.gr\/fr\/wp-json\/wp\/v2\/pages\/4433","targetHints":{"allow":["GET"]}}],"collection":[{"href":"https:\/\/boxstorage.gr\/fr\/wp-json\/wp\/v2\/pages"}],"about":[{"href":"https:\/\/boxstorage.gr\/fr\/wp-json\/wp\/v2\/types\/page"}],"author":[{"embeddable":true,"href":"https:\/\/boxstorage.gr\/fr\/wp-json\/wp\/v2\/users\/5"}],"replies":[{"embeddable":true,"href":"https:\/\/boxstorage.gr\/fr\/wp-json\/wp\/v2\/comments?post=4433"}],"version-history":[{"count":0,"href":"https:\/\/boxstorage.gr\/fr\/wp-json\/wp\/v2\/pages\/4433\/revisions"}],"wp:attachment":[{"href":"https:\/\/boxstorage.gr\/fr\/wp-json\/wp\/v2\/media?parent=4433"}],"curies":[{"name":"wp","href":"https:\/\/api.w.org\/{rel}","templated":true}]}}