{"id":4400,"date":"2025-03-26T10:38:52","date_gmt":"2025-03-26T08:38:52","guid":{"rendered":"https:\/\/boxstorage.gr\/location-fiscale-a-louer-a-petralona\/"},"modified":"2025-04-04T11:15:56","modified_gmt":"2025-04-04T08:15:56","slug":"location-fiscale-a-louer-a-petralona","status":"publish","type":"page","link":"https:\/\/boxstorage.gr\/fr\/location-fiscale-a-louer-a-petralona\/","title":{"rendered":"Location fiscale \u00e0 louer \u00e0 Petralona"},"content":{"rendered":"<p><div class=\"fusion-fullwidth fullwidth-box fusion-builder-row-1 fusion-flex-container has-pattern-background has-mask-background nonhundred-percent-fullwidth non-hundred-percent-height-scrolling\" style=\"--awb-border-radius-top-left:0px;--awb-border-radius-top-right:0px;--awb-border-radius-bottom-right:0px;--awb-border-radius-bottom-left:0px;--awb-flex-wrap:wrap;\" ><div class=\"fusion-builder-row fusion-row fusion-flex-align-items-center fusion-flex-content-wrap\" style=\"max-width:1393.6px;margin-left: calc(-4% \/ 2 );margin-right: calc(-4% \/ 2 );\"><div class=\"fusion-layout-column fusion_builder_column fusion-builder-column-0 fusion_builder_column_1_2 1_2 fusion-flex-column\" style=\"--awb-bg-size:cover;--awb-width-large:50%;--awb-margin-top-large:0px;--awb-spacing-right-large:3.84%;--awb-margin-bottom-large:0px;--awb-spacing-left-large:3.84%;--awb-width-medium:50%;--awb-order-medium:0;--awb-spacing-right-medium:3.84%;--awb-margin-bottom-medium:20px;--awb-spacing-left-medium:3.84%;--awb-width-small:100%;--awb-order-small:0;--awb-spacing-right-small:1.92%;--awb-spacing-left-small:1.92%;\"><div class=\"fusion-column-wrapper fusion-column-has-shadow fusion-flex-justify-content-flex-start fusion-content-layout-column\"><div class=\"fusion-title title fusion-title-1 fusion-sep-none fusion-title-text fusion-title-size-two\" style=\"--awb-text-color:var(--awb-color7);\"><h2 class=\"fusion-title-heading title-heading-left fusion-responsive-typography-calculated\" style=\"margin:0;--fontSize:54;line-height:1.2;\"><p style=\"text-align: left;\"><strong>Location fiscale \u00e0 louer \u00e0 Petralona<\/strong><\/p><\/h2><\/div><div class=\"fusion-separator\" style=\"align-self: flex-start;margin-right:auto;margin-top:15px;margin-bottom:35px;width:100%;max-width:50px;\"><div class=\"fusion-separator-border sep-single sep-solid\" style=\"--awb-height:20px;--awb-amount:20px;--awb-sep-color:var(--awb-color7);border-color:var(--awb-color7);border-top-width:2px;\"><\/div><\/div><div class=\"fusion-text fusion-text-1\" style=\"--awb-text-transform:none;--awb-text-color:#000000;\"><p>Notre entreprise propose des services de location de si\u00e8ge fiscal \u00e0 Petralona, offrant une adresse professionnelle dans un environnement de travail r\u00e9nov\u00e9, propre et enti\u00e8rement fonctionnel. Notre service est id\u00e9al pour les travailleurs ind\u00e9pendants, les startups, les petites entreprises ou les soci\u00e9t\u00e9s souhaitant disposer d\u2019un si\u00e8ge sans n\u00e9cessiter une pr\u00e9sence physique. <\/p>\n<p>En louant votre si\u00e8ge fiscal, vous b\u00e9n\u00e9ficiez d\u2019un espace professionnel fiable r\u00e9pondant \u00e0 toutes les exigences l\u00e9gales et fiscales, tout en offrant flexibilit\u00e9 et faibles co\u00fbts d\u2019exploitation.<\/p>\n<\/div><\/div><\/div><div class=\"fusion-layout-column fusion_builder_column fusion-builder-column-1 fusion_builder_column_1_2 1_2 fusion-flex-column\" style=\"--awb-bg-size:cover;--awb-width-large:50%;--awb-margin-top-large:0px;--awb-spacing-right-large:0px;--awb-margin-bottom-large:0px;--awb-spacing-left-large:3.84%;--awb-width-medium:25%;--awb-order-medium:0;--awb-margin-top-medium:30px;--awb-spacing-right-medium:0px;--awb-spacing-left-medium:7.68%;--awb-width-small:50%;--awb-order-small:0;--awb-spacing-right-small:0px;--awb-spacing-left-small:3.84%;\" data-scroll-devices=\"small-visibility,medium-visibility,large-visibility\"><div class=\"fusion-column-wrapper fusion-column-has-shadow fusion-flex-justify-content-flex-start fusion-content-layout-column\"><div class=\"fusion-image-element md-text-align-right\" style=\"--awb-aspect-ratio:5 \/ 4;--awb-object-position:38% 37%;--awb-caption-title-font-family:var(--h2_typography-font-family);--awb-caption-title-font-weight:var(--h2_typography-font-weight);--awb-caption-title-font-style:var(--h2_typography-font-style);--awb-caption-title-size:var(--h2_typography-font-size);--awb-caption-title-transform:var(--h2_typography-text-transform);--awb-caption-title-line-height:var(--h2_typography-line-height);--awb-caption-title-letter-spacing:var(--h2_typography-letter-spacing);\"><span class=\" fusion-imageframe imageframe-none imageframe-1 hover-type-none has-aspect-ratio\" style=\"border-radius:10px;\"><img decoding=\"async\" width=\"1200\" height=\"801\" alt=\"Location fiscale \u00e0 louer \u00e0 Petralona\" title=\"enoikiasi-forologikis-edras\" src=\"https:\/\/boxstorage.gr\/wp-content\/uploads\/2025\/03\/enoikiasi-forologikis-edras.jpg\" data-orig-src=\"https:\/\/boxstorage.gr\/wp-content\/uploads\/2025\/03\/enoikiasi-forologikis-edras.jpg\" class=\"lazyload img-responsive wp-image-4234 img-with-aspect-ratio\" data-parent-fit=\"cover\" data-parent-container=\".fusion-image-element\" srcset=\"data:image\/svg+xml,%3Csvg%20xmlns%3D%27http%3A%2F%2Fwww.w3.org%2F2000%2Fsvg%27%20width%3D%271200%27%20height%3D%27801%27%20viewBox%3D%270%200%201200%20801%27%3E%3Crect%20width%3D%271200%27%20height%3D%27801%27%20fill-opacity%3D%220%22%2F%3E%3C%2Fsvg%3E\" data-srcset=\"https:\/\/boxstorage.gr\/wp-content\/uploads\/2025\/03\/enoikiasi-forologikis-edras-200x134.jpg 200w, https:\/\/boxstorage.gr\/wp-content\/uploads\/2025\/03\/enoikiasi-forologikis-edras-400x267.jpg 400w, https:\/\/boxstorage.gr\/wp-content\/uploads\/2025\/03\/enoikiasi-forologikis-edras-600x401.jpg 600w, https:\/\/boxstorage.gr\/wp-content\/uploads\/2025\/03\/enoikiasi-forologikis-edras-800x534.jpg 800w, https:\/\/boxstorage.gr\/wp-content\/uploads\/2025\/03\/enoikiasi-forologikis-edras.jpg 1200w\" data-sizes=\"auto\" data-orig-sizes=\"(max-width: 768px) 100vw, 800px\" \/><\/span><\/div><\/div><\/div><\/div><\/div><div class=\"fusion-fullwidth fullwidth-box fusion-builder-row-2 fusion-flex-container has-pattern-background has-mask-background nonhundred-percent-fullwidth non-hundred-percent-height-scrolling\" style=\"--awb-border-color:rgba(84,37,98,0.53);--awb-border-radius-top-left:0px;--awb-border-radius-top-right:0px;--awb-border-radius-bottom-right:0px;--awb-border-radius-bottom-left:0px;--awb-padding-top:100px;--awb-padding-bottom:100px;--awb-margin-top:7vh;--awb-margin-bottom:7vh;--awb-background-color:rgba(84,37,98,0.53);--awb-flex-wrap:wrap;\" ><div class=\"fusion-builder-row fusion-row fusion-flex-align-items-flex-start fusion-flex-justify-content-space-between fusion-flex-content-wrap\" style=\"max-width:1393.6px;margin-left: calc(-4% \/ 2 );margin-right: calc(-4% \/ 2 );\"><div class=\"fusion-layout-column fusion_builder_column fusion-builder-column-2 fusion_builder_column_2_3 2_3 fusion-flex-column\" style=\"--awb-bg-size:cover;--awb-width-large:66.666666666667%;--awb-margin-top-large:0px;--awb-spacing-right-large:2.88%;--awb-margin-bottom-large:0px;--awb-spacing-left-large:2.88%;--awb-width-medium:66.666666666667%;--awb-order-medium:0;--awb-spacing-right-medium:2.88%;--awb-spacing-left-medium:2.88%;--awb-width-small:100%;--awb-order-small:0;--awb-spacing-right-small:1.92%;--awb-spacing-left-small:1.92%;\" data-scroll-devices=\"small-visibility,medium-visibility,large-visibility\"><div class=\"fusion-column-wrapper fusion-column-has-shadow fusion-flex-justify-content-flex-start fusion-content-layout-column\"><div class=\"fusion-title title fusion-title-2 fusion-sep-none fusion-title-text fusion-title-size-div\" style=\"--awb-text-color:#000000;--awb-margin-bottom:5px;--awb-font-size:37px;\"><div class=\"fusion-title-heading title-heading-left title-heading-tag fusion-responsive-typography-calculated\" style=\"font-family:&quot;Manrope&quot;;font-style:normal;font-weight:400;margin:0;font-size:1em;--fontSize:37;line-height:1.2;\">Location de si\u00e8ge fiscal \u00e0 Petralona \u2013 Pourquoi nous choisir ?<\/div><\/div><div class=\"fusion-title title fusion-title-3 fusion-sep-none fusion-title-text fusion-title-size-two\" style=\"--awb-text-color:#ffffff;--awb-font-size:18px;\"><h2 class=\"fusion-title-heading title-heading-left fusion-responsive-typography-calculated\" style=\"margin:0;font-size:1em;--fontSize:18;--minFontSize:18;line-height:1.35;\"><p style=\"text-align: left;\">Forts de notre exp\u00e9rience dans la fourniture de solutions professionnelles, nous proposons des offres flexibles de location de si\u00e8ge fiscal, adapt\u00e9es aux besoins de votre entreprise. Nos espaces sont modernes, fonctionnels et enti\u00e8rement conformes aux exigences de la l\u00e9gislation fiscale. <\/p>\n<ul>\n<li style=\"text-align: left;\"> Co\u00fbt r\u00e9duit par rapport \u00e0 l\u2019entretien d\u2019un bureau physique.<\/li>\n<li style=\"text-align: left;\">Environnement professionnel dans un b\u00e2timent r\u00e9nov\u00e9.<\/li>\n<li style=\"text-align: left;\">Personnel sympathique et sp\u00e9cialis\u00e9.<\/li>\n<li style=\"text-align: left;\">Possibilit\u00e9 de r\u00e9ception et de gestion du courrier.<\/li>\n<li style=\"text-align: left;\">Processus de location rapide et simple.<\/li>\n<\/ul><\/h2><\/div><\/div><\/div><div class=\"fusion-layout-column fusion_builder_column fusion-builder-column-3 fusion_builder_column_1_3 1_3 fusion-flex-column fusion-flex-align-self-center\" style=\"--awb-bg-size:cover;--awb-width-large:33.333333333333%;--awb-margin-top-large:0px;--awb-spacing-right-large:5.76%;--awb-margin-bottom-large:0px;--awb-spacing-left-large:5.76%;--awb-width-medium:33.333333333333%;--awb-order-medium:0;--awb-spacing-right-medium:5.76%;--awb-spacing-left-medium:5.76%;--awb-width-small:100%;--awb-order-small:0;--awb-spacing-right-small:1.92%;--awb-spacing-left-small:1.92%;\" data-scroll-devices=\"small-visibility,medium-visibility,large-visibility\"><div class=\"fusion-column-wrapper fusion-column-has-shadow fusion-flex-justify-content-center fusion-content-layout-column\"><div class=\"fusion-title title fusion-title-4 fusion-sep-none fusion-title-center fusion-title-text fusion-title-size-three\" style=\"--awb-text-color:var(--awb-color1);--awb-margin-bottom:5px;--awb-font-size:25px;\"><h3 class=\"fusion-title-heading title-heading-center fusion-responsive-typography-calculated\" style=\"font-family:&quot;Manrope&quot;;font-style:normal;font-weight:400;margin:0;font-size:1em;--fontSize:25;--minFontSize:25;line-height:1.2;\"><p style=\"text-align: center;\">Pour la location d\u2019une adresse fiscale \u00e0 Petralona, contactez-nous.<\/p><\/h3><\/div><div style=\"text-align:center;\"><a class=\"fusion-button button-flat fusion-button-default-size button-custom fusion-button-default button-1 fusion-button-default-span fusion-button-default-type\" style=\"--button_accent_color:var(--awb-color1);--button_border_color:var(--awb-color1);--button_accent_hover_color:#ffffff;--button_border_hover_color:rgba(255,255,255,0);--button_gradient_top_color:var(--awb-color4);--button_gradient_bottom_color:var(--awb-color4);--button_gradient_top_color_hover:#2c2568;--button_gradient_bottom_color_hover:#2c2568;--button_margin-top:20px;\" target=\"_self\" href=\"https:\/\/boxstorage.gr\/fr\/contact\/\"><span class=\"fusion-button-text awb-button__text awb-button__text--default\">CONTACT<\/span><\/a><\/div><\/div><\/div><\/div><\/div><div class=\"fusion-fullwidth fullwidth-box fusion-builder-row-3 fusion-flex-container has-pattern-background has-mask-background nonhundred-percent-fullwidth non-hundred-percent-height-scrolling\" style=\"--awb-border-radius-top-left:0px;--awb-border-radius-top-right:0px;--awb-border-radius-bottom-right:0px;--awb-border-radius-bottom-left:0px;--awb-margin-top:50px;--awb-margin-bottom:100px;--awb-flex-wrap:wrap;\" ><div class=\"fusion-builder-row fusion-row fusion-flex-align-items-center fusion-flex-justify-content-space-around fusion-flex-content-wrap\" style=\"max-width:1393.6px;margin-left: calc(-4% \/ 2 );margin-right: calc(-4% \/ 2 );\"><div class=\"fusion-layout-column fusion_builder_column fusion-builder-column-4 fusion_builder_column_1_2 1_2 fusion-flex-column fusion-flex-align-self-center\" style=\"--awb-bg-size:cover;--awb-width-large:50%;--awb-margin-top-large:0px;--awb-spacing-right-large:3.84%;--awb-margin-bottom-large:0px;--awb-spacing-left-large:3.84%;--awb-width-medium:25%;--awb-order-medium:0;--awb-margin-top-medium:30px;--awb-spacing-right-medium:7.68%;--awb-spacing-left-medium:7.68%;--awb-width-small:50%;--awb-order-small:0;--awb-spacing-right-small:3.84%;--awb-spacing-left-small:3.84%;\"><div class=\"fusion-column-wrapper fusion-column-has-shadow fusion-flex-justify-content-flex-start fusion-content-layout-column\"><div class=\"fusion-image-element \" style=\"--awb-aspect-ratio:5 \/ 4;--awb-object-position:17% 49%;--awb-caption-title-font-family:var(--h2_typography-font-family);--awb-caption-title-font-weight:var(--h2_typography-font-weight);--awb-caption-title-font-style:var(--h2_typography-font-style);--awb-caption-title-size:var(--h2_typography-font-size);--awb-caption-title-transform:var(--h2_typography-text-transform);--awb-caption-title-line-height:var(--h2_typography-line-height);--awb-caption-title-letter-spacing:var(--h2_typography-letter-spacing);\"><span class=\" fusion-imageframe imageframe-none imageframe-2 hover-type-none has-aspect-ratio\" style=\"border-radius:10px;\"><img decoding=\"async\" width=\"1200\" height=\"800\" alt=\"Location fiscale \u00e0 louer \u00e0 Petralona\" title=\"misthosi-forologikis-edras\" src=\"https:\/\/boxstorage.gr\/wp-content\/uploads\/2025\/03\/misthosi-forologikis-edras.jpg\" data-orig-src=\"https:\/\/boxstorage.gr\/wp-content\/uploads\/2025\/03\/misthosi-forologikis-edras.jpg\" class=\"lazyload img-responsive wp-image-4237 img-with-aspect-ratio\" data-parent-fit=\"cover\" data-parent-container=\".fusion-image-element\" srcset=\"data:image\/svg+xml,%3Csvg%20xmlns%3D%27http%3A%2F%2Fwww.w3.org%2F2000%2Fsvg%27%20width%3D%271200%27%20height%3D%27800%27%20viewBox%3D%270%200%201200%20800%27%3E%3Crect%20width%3D%271200%27%20height%3D%27800%27%20fill-opacity%3D%220%22%2F%3E%3C%2Fsvg%3E\" data-srcset=\"https:\/\/boxstorage.gr\/wp-content\/uploads\/2025\/03\/misthosi-forologikis-edras-200x133.jpg 200w, https:\/\/boxstorage.gr\/wp-content\/uploads\/2025\/03\/misthosi-forologikis-edras-400x267.jpg 400w, https:\/\/boxstorage.gr\/wp-content\/uploads\/2025\/03\/misthosi-forologikis-edras-600x400.jpg 600w, https:\/\/boxstorage.gr\/wp-content\/uploads\/2025\/03\/misthosi-forologikis-edras-800x533.jpg 800w, https:\/\/boxstorage.gr\/wp-content\/uploads\/2025\/03\/misthosi-forologikis-edras.jpg 1200w\" data-sizes=\"auto\" data-orig-sizes=\"(max-width: 768px) 100vw, 800px\" \/><\/span><\/div><\/div><\/div><div class=\"fusion-layout-column fusion_builder_column fusion-builder-column-5 fusion_builder_column_1_2 1_2 fusion-flex-column\" style=\"--awb-bg-size:cover;--awb-width-large:50%;--awb-margin-top-large:0px;--awb-spacing-right-large:3.84%;--awb-margin-bottom-large:0px;--awb-spacing-left-large:3.84%;--awb-width-medium:50%;--awb-order-medium:0;--awb-spacing-right-medium:3.84%;--awb-margin-bottom-medium:20px;--awb-spacing-left-medium:3.84%;--awb-width-small:100%;--awb-order-small:0;--awb-spacing-right-small:1.92%;--awb-spacing-left-small:1.92%;\"><div class=\"fusion-column-wrapper fusion-column-has-shadow fusion-flex-justify-content-flex-start fusion-content-layout-column\"><div class=\"fusion-title title fusion-title-5 fusion-sep-none fusion-title-text fusion-title-size-two\" style=\"--awb-text-color:var(--awb-color7);--awb-font-size:25px;\"><h2 class=\"fusion-title-heading title-heading-left fusion-responsive-typography-calculated\" style=\"margin:0;font-size:1em;--fontSize:25;--minFontSize:25;line-height:1.2;\"><strong>Location fiscale \u00e0 louer \u00e0 Petralona<\/strong><\/h2><\/div><div class=\"fusion-separator\" style=\"align-self: flex-start;margin-right:auto;margin-top:15px;margin-bottom:35px;width:100%;max-width:80px;\"><div class=\"fusion-separator-border sep-single sep-solid\" style=\"--awb-height:20px;--awb-amount:20px;--awb-sep-color:var(--awb-color7);border-color:var(--awb-color7);border-top-width:2px;\"><\/div><\/div><div class=\"fusion-text fusion-text-2\" style=\"--awb-text-transform:none;--awb-text-color:#000000;\"><p>Avec la finalisation du processus de location, le client obtient imm\u00e9diatement un si\u00e8ge social officiel, qui peut \u00eatre utilis\u00e9 pour d\u00e9marrer ou transf\u00e9rer son entreprise. Nous fournissons tous les services n\u00e9cessaires au bon fonctionnement de votre entreprise. <\/p>\n<ul>\n<li>Processus de location facile et rapide<\/li>\n<li>Couverture juridique et pleine conformit\u00e9 aux exigences fiscales.<\/li>\n<li>Possibilit\u00e9 d&rsquo;utiliser le si\u00e8ge pour la facturation et le d\u00e9marrage d&rsquo;une entreprise.<\/li>\n<li>Forfaits de location flexibles adapt\u00e9s \u00e0 vos besoins.<\/li>\n<\/ul>\n<\/div><\/div><\/div><\/div><\/div><\/p>\n","protected":false},"excerpt":{"rendered":"","protected":false},"author":5,"featured_media":0,"parent":0,"menu_order":0,"comment_status":"closed","ping_status":"closed","template":"100-width.php","meta":{"footnotes":""},"class_list":["post-4400","page","type-page","status-publish","hentry"],"aioseo_notices":[],"_links":{"self":[{"href":"https:\/\/boxstorage.gr\/fr\/wp-json\/wp\/v2\/pages\/4400","targetHints":{"allow":["GET"]}}],"collection":[{"href":"https:\/\/boxstorage.gr\/fr\/wp-json\/wp\/v2\/pages"}],"about":[{"href":"https:\/\/boxstorage.gr\/fr\/wp-json\/wp\/v2\/types\/page"}],"author":[{"embeddable":true,"href":"https:\/\/boxstorage.gr\/fr\/wp-json\/wp\/v2\/users\/5"}],"replies":[{"embeddable":true,"href":"https:\/\/boxstorage.gr\/fr\/wp-json\/wp\/v2\/comments?post=4400"}],"version-history":[{"count":0,"href":"https:\/\/boxstorage.gr\/fr\/wp-json\/wp\/v2\/pages\/4400\/revisions"}],"wp:attachment":[{"href":"https:\/\/boxstorage.gr\/fr\/wp-json\/wp\/v2\/media?parent=4400"}],"curies":[{"name":"wp","href":"https:\/\/api.w.org\/{rel}","templated":true}]}}