{"id":3667,"date":"2024-04-03T20:52:41","date_gmt":"2024-04-03T17:52:41","guid":{"rendered":"https:\/\/boxstorage.gr\/guide-utile\/"},"modified":"2025-03-19T11:56:29","modified_gmt":"2025-03-19T09:56:29","slug":"guide-utile","status":"publish","type":"page","link":"https:\/\/boxstorage.gr\/fr\/guide-utile\/","title":{"rendered":"Guide utile"},"content":{"rendered":"<div class=\"fusion-fullwidth fullwidth-box fusion-builder-row-1 fusion-flex-container nonhundred-percent-fullwidth non-hundred-percent-height-scrolling\" style=\"--awb-background-position:left top;--awb-background-repeat:repeat-x;--awb-border-sizes-bottom:0px;--awb-border-radius-top-left:0px;--awb-border-radius-top-right:0px;--awb-border-radius-bottom-right:0px;--awb-border-radius-bottom-left:0px;--awb-margin-top:0px;--awb-margin-bottom:100px;--awb-flex-wrap:wrap;\" ><div class=\"fusion-builder-row fusion-row fusion-flex-align-items-flex-start fusion-flex-content-wrap\" style=\"max-width:1393.6px;margin-left: calc(-4% \/ 2 );margin-right: calc(-4% \/ 2 );\"><div class=\"fusion-layout-column fusion_builder_column fusion-builder-column-0 fusion_builder_column_1_1 1_1 fusion-flex-column\" style=\"--awb-bg-size:cover;--awb-width-large:100%;--awb-margin-top-large:0px;--awb-spacing-right-large:1.92%;--awb-margin-bottom-large:0px;--awb-spacing-left-large:1.92%;--awb-width-medium:100%;--awb-order-medium:0;--awb-spacing-right-medium:1.92%;--awb-spacing-left-medium:1.92%;--awb-width-small:100%;--awb-order-small:0;--awb-spacing-right-small:1.92%;--awb-spacing-left-small:1.92%;\"><div class=\"fusion-column-wrapper fusion-column-has-shadow fusion-flex-justify-content-flex-start fusion-content-layout-column\"><div class=\"fusion-text fusion-text-1 text-guide-box\"><p><strong>Tailles des espaces de stockage<\/strong><\/p>\n<p>Si vous n\u2019avez jamais lou\u00e9 d\u2019espace de stockage auparavant et que vous ne connaissez pas les diff\u00e9rentes options et les fonctionnalit\u00e9s correspondantes qui peuvent r\u00e9pondre \u00e0 vos besoins, alors le guide pratique suivant vous aidera \u00e0 choisir la bonne taille de stockage. Le guide r\u00e9pertorie \u00e0 la fois la capacit\u00e9 de stockage en m\u00e8tres carr\u00e9s et en m\u00e8tres cubes, par taille de stockage, ainsi que certains des \u00e9l\u00e9ments courants qui peuvent pratiquement \u00eatre stock\u00e9s dans tous les cas.<\/p>\n<p>Les tailles d&rsquo;espace de stockage disponibles sur boxstorage.gr sont :<\/p>\n<ul>\n<li>No1 : de 1,3 \u00e0 2 m\u00e8tres carr\u00e9s ou jusqu&rsquo;\u00e0 5,5 m\u00e8tres cubes<\/li>\n<li>No2 : de 2,4 \u00e0 3 m\u00e8tres carr\u00e9s ou jusqu&rsquo;\u00e0 8 m\u00e8tres cubes<\/li>\n<li>No3 : de 3,4 \u00e0 4,4 m\u00e8tres carr\u00e9s ou jusqu&rsquo;\u00e0 12 m\u00e8tres cubes<\/li>\n<li>No4 : de 4,6 \u00e0 5 m\u00e8tres carr\u00e9s ou jusqu&rsquo;\u00e0 13,75 m\u00e8tres cubes<\/li>\n<li>No5 : de 5,8 \u00e0 7 m\u00e8tres carr\u00e9s ou jusqu&rsquo;\u00e0 19 m\u00e8tres cubes<\/li>\n<\/ul>\n<p><strong style=\"display: block; margin-top: 50px;\"><img decoding=\"async\" class=\"lazyload alignnone size-full wp-image-2939\" src=\"https:\/\/boxstorage.gr\/wp-content\/uploads\/2024\/04\/No1.jpg\" data-orig-src=\"https:\/\/boxstorage.gr\/wp-content\/uploads\/2024\/04\/No1.jpg\" alt=\"bail d'entrep\u00f4t Ath\u00e8nes\" width=\"500\" height=\"628\" srcset=\"data:image\/svg+xml,%3Csvg%20xmlns%3D%27http%3A%2F%2Fwww.w3.org%2F2000%2Fsvg%27%20width%3D%27500%27%20height%3D%27628%27%20viewBox%3D%270%200%20500%20628%27%3E%3Crect%20width%3D%27500%27%20height%3D%27628%27%20fill-opacity%3D%220%22%2F%3E%3C%2Fsvg%3E\" data-srcset=\"https:\/\/boxstorage.gr\/wp-content\/uploads\/2024\/04\/No1-200x251.jpg 200w, https:\/\/boxstorage.gr\/wp-content\/uploads\/2024\/04\/No1-239x300.jpg 239w, https:\/\/boxstorage.gr\/wp-content\/uploads\/2024\/04\/No1-400x502.jpg 400w, https:\/\/boxstorage.gr\/wp-content\/uploads\/2024\/04\/No1.jpg 500w\" data-sizes=\"auto\" data-orig-sizes=\"(max-width: 500px) 100vw, 500px\" \/><\/strong><\/p>\n<p><strong style=\"display: block; margin-top: 50px;\">Stockage n\u00b01<\/strong><\/p>\n<p>Dans cet entrep\u00f4t, qui a la taille d&rsquo;une cabine t\u00e9l\u00e9phonique, il est possible de stocker de petits objets dans des bo\u00eetes en papier ou des bo\u00eetes en plastique de diff\u00e9rentes dimensions, des objets saisonniers (ex : sapin de No\u00ebl, chaises &#8211; parasol), des dossiers et des livres d&rsquo;\u00e9tudiants.<\/p>\n<p><img decoding=\"async\" class=\"lazyload alignnone size-full wp-image-2938\" src=\"https:\/\/boxstorage.gr\/wp-content\/uploads\/2024\/04\/No2.jpg\" data-orig-src=\"https:\/\/boxstorage.gr\/wp-content\/uploads\/2024\/04\/No2.jpg\" alt=\"bail d'entrep\u00f4t Ath\u00e8nes\" width=\"500\" height=\"479\" srcset=\"data:image\/svg+xml,%3Csvg%20xmlns%3D%27http%3A%2F%2Fwww.w3.org%2F2000%2Fsvg%27%20width%3D%27500%27%20height%3D%27479%27%20viewBox%3D%270%200%20500%20479%27%3E%3Crect%20width%3D%27500%27%20height%3D%27479%27%20fill-opacity%3D%220%22%2F%3E%3C%2Fsvg%3E\" data-srcset=\"https:\/\/boxstorage.gr\/wp-content\/uploads\/2024\/04\/No2-200x192.jpg 200w, https:\/\/boxstorage.gr\/wp-content\/uploads\/2024\/04\/No2-300x287.jpg 300w, https:\/\/boxstorage.gr\/wp-content\/uploads\/2024\/04\/No2-400x383.jpg 400w, https:\/\/boxstorage.gr\/wp-content\/uploads\/2024\/04\/No2.jpg 500w\" data-sizes=\"auto\" data-orig-sizes=\"(max-width: 500px) 100vw, 500px\" \/><\/p>\n<p><strong style=\"display: block; margin-top: 50px;\">Stockage n\u00b02<\/strong><\/p>\n<p>Dans cet entrep\u00f4t, il est possible de stocker des meubles individuels (par exemple un fauteuil, un lampadaire, des tables de chevet, des abat-jour, etc.), des appareils \u00e9lectrom\u00e9nagers (par exemple une cuisine, un lave-linge, etc.), en plus des articles et capacit\u00e9s r\u00e9pertori\u00e9es dans l\u2019espace de stockage n\u00b01.<\/p>\n<p><img decoding=\"async\" class=\"lazyload alignnone size-full wp-image-2934\" src=\"https:\/\/boxstorage.gr\/wp-content\/uploads\/2024\/04\/No3.jpg\" data-orig-src=\"https:\/\/boxstorage.gr\/wp-content\/uploads\/2024\/04\/No3.jpg\" alt=\"bail d'entrep\u00f4t Ath\u00e8nes\" width=\"500\" height=\"518\" srcset=\"data:image\/svg+xml,%3Csvg%20xmlns%3D%27http%3A%2F%2Fwww.w3.org%2F2000%2Fsvg%27%20width%3D%27500%27%20height%3D%27518%27%20viewBox%3D%270%200%20500%20518%27%3E%3Crect%20width%3D%27500%27%20height%3D%27518%27%20fill-opacity%3D%220%22%2F%3E%3C%2Fsvg%3E\" data-srcset=\"https:\/\/boxstorage.gr\/wp-content\/uploads\/2024\/04\/No3-200x207.jpg 200w, https:\/\/boxstorage.gr\/wp-content\/uploads\/2024\/04\/No3-290x300.jpg 290w, https:\/\/boxstorage.gr\/wp-content\/uploads\/2024\/04\/No3-400x414.jpg 400w, https:\/\/boxstorage.gr\/wp-content\/uploads\/2024\/04\/No3.jpg 500w\" data-sizes=\"auto\" data-orig-sizes=\"(max-width: 500px) 100vw, 500px\" \/><\/p>\n<p><strong style=\"display: block; margin-top: 50px;\">Stockage n\u00b03<\/strong><\/p>\n<p>Dans ce stockage, il est possible de ranger des meubles plus grands (par exemple un lit simple avec matelas, une petite biblioth\u00e8que, un buffet\/coffre, des \u00e9quipements sportifs (par exemple un v\u00e9lo, une planche de surf, etc.), le coffre de votre voiture, en plus des \u00e9l\u00e9ments et capacit\u00e9s r\u00e9pertori\u00e9s. dans l&rsquo;Espace de Stockage No1 et No2.<\/p>\n<p><img decoding=\"async\" class=\"lazyload alignnone size-full wp-image-2937\" src=\"https:\/\/boxstorage.gr\/wp-content\/uploads\/2024\/04\/No4.jpg\" data-orig-src=\"https:\/\/boxstorage.gr\/wp-content\/uploads\/2024\/04\/No4.jpg\" alt=\"bail d'entrep\u00f4t Ath\u00e8nes\" width=\"500\" height=\"487\" srcset=\"data:image\/svg+xml,%3Csvg%20xmlns%3D%27http%3A%2F%2Fwww.w3.org%2F2000%2Fsvg%27%20width%3D%27500%27%20height%3D%27487%27%20viewBox%3D%270%200%20500%20487%27%3E%3Crect%20width%3D%27500%27%20height%3D%27487%27%20fill-opacity%3D%220%22%2F%3E%3C%2Fsvg%3E\" data-srcset=\"https:\/\/boxstorage.gr\/wp-content\/uploads\/2024\/04\/No4-200x195.jpg 200w, https:\/\/boxstorage.gr\/wp-content\/uploads\/2024\/04\/No4-300x292.jpg 300w, https:\/\/boxstorage.gr\/wp-content\/uploads\/2024\/04\/No4-400x390.jpg 400w, https:\/\/boxstorage.gr\/wp-content\/uploads\/2024\/04\/No4.jpg 500w\" data-sizes=\"auto\" data-orig-sizes=\"(max-width: 500px) 100vw, 500px\" \/><\/p>\n<p><strong style=\"display: block; margin-top: 50px;\">Stockage n\u00b04<\/strong><\/p>\n<p>Dans cet entrep\u00f4t, il est possible de stocker les meubles\/objets d&rsquo;une chambre d&rsquo;enfant ou d&rsquo;\u00e9tudiant, du mat\u00e9riel professionnel d&rsquo;une petite entreprise, un lit double ou des meubles de taille moyenne (par exemple un canap\u00e9 deux places, etc.), en plus des objets et \u00e9quipements. r\u00e9pertori\u00e9s dans les zones de stockage No1 \u00e0 No3.<\/p>\n<p>Cet espace est la solution id\u00e9ale pour vous qui souhaitez r\u00e9nover votre maison (par exemple vous souhaitez peindre la chambre des enfants) et vous n&rsquo;avez pas de place pour vos affaires) ou pour un \u00e9tudiant qui a besoin de ranger les meubles et objets de son studio \u00e9tudiant. appartement (par exemple parce qu&rsquo;il suit un programme ERASMUS de 6 mois dans une universit\u00e9 \u00e0 l&rsquo;\u00e9tranger) et souhaite \u00e9conomiser de l&rsquo;argent sur les loyers correspondants.<\/p>\n<p><img decoding=\"async\" class=\"lazyload alignnone size-full wp-image-2935\" src=\"https:\/\/boxstorage.gr\/wp-content\/uploads\/2024\/04\/No5.jpg\" data-orig-src=\"https:\/\/boxstorage.gr\/wp-content\/uploads\/2024\/04\/No5.jpg\" alt=\"bail d'entrep\u00f4t Ath\u00e8nes\" width=\"500\" height=\"464\" srcset=\"data:image\/svg+xml,%3Csvg%20xmlns%3D%27http%3A%2F%2Fwww.w3.org%2F2000%2Fsvg%27%20width%3D%27500%27%20height%3D%27464%27%20viewBox%3D%270%200%20500%20464%27%3E%3Crect%20width%3D%27500%27%20height%3D%27464%27%20fill-opacity%3D%220%22%2F%3E%3C%2Fsvg%3E\" data-srcset=\"https:\/\/boxstorage.gr\/wp-content\/uploads\/2024\/04\/No5-200x186.jpg 200w, https:\/\/boxstorage.gr\/wp-content\/uploads\/2024\/04\/No5-300x278.jpg 300w, https:\/\/boxstorage.gr\/wp-content\/uploads\/2024\/04\/No5-400x371.jpg 400w, https:\/\/boxstorage.gr\/wp-content\/uploads\/2024\/04\/No5.jpg 500w\" data-sizes=\"auto\" data-orig-sizes=\"(max-width: 500px) 100vw, 500px\" \/><\/p>\n<p><strong style=\"display: block; margin-top: 50px;\">Stockage n\u00b05<\/strong><\/p>\n<p>Dans cet entrep\u00f4t, il est possible de ranger les meubles de votre salon (par exemple canap\u00e9 trois places, table \u00e0 manger ou rotonde avec 8 chaises) ou de la chambre principale (chambre principale avec matelas double suppl\u00e9mentaire, armoire double, etc.), en plus aux \u00e9l\u00e9ments et fonctionnalit\u00e9s mentionn\u00e9s dans les espaces de stockage No1 \u00e0 No4.<\/p>\n<\/div><\/div><\/div><\/div><\/div>\n","protected":false},"excerpt":{"rendered":"","protected":false},"author":1,"featured_media":0,"parent":0,"menu_order":0,"comment_status":"closed","ping_status":"closed","template":"100-width.php","meta":{"footnotes":""},"class_list":["post-3667","page","type-page","status-publish","hentry"],"aioseo_notices":[],"_links":{"self":[{"href":"https:\/\/boxstorage.gr\/fr\/wp-json\/wp\/v2\/pages\/3667","targetHints":{"allow":["GET"]}}],"collection":[{"href":"https:\/\/boxstorage.gr\/fr\/wp-json\/wp\/v2\/pages"}],"about":[{"href":"https:\/\/boxstorage.gr\/fr\/wp-json\/wp\/v2\/types\/page"}],"author":[{"embeddable":true,"href":"https:\/\/boxstorage.gr\/fr\/wp-json\/wp\/v2\/users\/1"}],"replies":[{"embeddable":true,"href":"https:\/\/boxstorage.gr\/fr\/wp-json\/wp\/v2\/comments?post=3667"}],"version-history":[{"count":0,"href":"https:\/\/boxstorage.gr\/fr\/wp-json\/wp\/v2\/pages\/3667\/revisions"}],"wp:attachment":[{"href":"https:\/\/boxstorage.gr\/fr\/wp-json\/wp\/v2\/media?parent=3667"}],"curies":[{"name":"wp","href":"https:\/\/api.w.org\/{rel}","templated":true}]}}