{"id":3659,"date":"2024-04-03T21:12:26","date_gmt":"2024-04-03T18:12:26","guid":{"rendered":"https:\/\/boxstorage.gr\/prix-de-location\/"},"modified":"2025-09-11T11:14:31","modified_gmt":"2025-09-11T08:14:31","slug":"prix-de-location","status":"publish","type":"page","link":"https:\/\/boxstorage.gr\/fr\/prix-de-location\/","title":{"rendered":"Prix \u200b\u200bde location"},"content":{"rendered":"<p><div class=\"fusion-fullwidth fullwidth-box fusion-builder-row-1 fusion-flex-container has-pattern-background has-mask-background nonhundred-percent-fullwidth non-hundred-percent-height-scrolling\" style=\"--awb-border-radius-top-left:0px;--awb-border-radius-top-right:0px;--awb-border-radius-bottom-right:0px;--awb-border-radius-bottom-left:0px;--awb-flex-wrap:wrap;\" ><div class=\"fusion-builder-row fusion-row fusion-flex-align-items-flex-start fusion-flex-content-wrap\" style=\"max-width:1393.6px;margin-left: calc(-4% \/ 2 );margin-right: calc(-4% \/ 2 );\"><div class=\"fusion-layout-column fusion_builder_column fusion-builder-column-0 fusion_builder_column_1_1 1_1 fusion-flex-column\" style=\"--awb-bg-size:cover;--awb-width-large:100%;--awb-margin-top-large:0px;--awb-spacing-right-large:1.92%;--awb-margin-bottom-large:20px;--awb-spacing-left-large:1.92%;--awb-width-medium:100%;--awb-order-medium:0;--awb-spacing-right-medium:1.92%;--awb-spacing-left-medium:1.92%;--awb-width-small:100%;--awb-order-small:0;--awb-spacing-right-small:1.92%;--awb-spacing-left-small:1.92%;\"><div class=\"fusion-column-wrapper fusion-column-has-shadow fusion-flex-justify-content-flex-start fusion-content-layout-column\"><div class=\"fusion-content-boxes content-boxes columns row fusion-columns-3 fusion-columns-total-4 fusion-content-boxes-1 content-boxes-icon-on-top content-left has-flex-alignment contpricebox\" style=\"--awb-alignment:stretch;--awb-title-color:var(--awb-color7);--awb-hover-accent-color:#65bc7b;--awb-circle-hover-accent-color:#65bc7b;\" data-animationOffset=\"top-into-view\"><div style=\"--awb-backgroundcolor:transparent;\" class=\"fusion-column content-box-column content-box-column content-box-column-1 col-lg-4 col-md-4 col-sm-4 fusion-content-box-hover content-box-column-first-in-row\"><div class=\"col content-box-wrapper content-wrapper link-area-link-icon content-icon-wrapper-yes icon-hover-animation-fade fusion-animated\" data-animationType=\"fadeInUp\" data-animationDuration=\"0.3\" data-animationOffset=\"top-into-view\"><div class=\"heading heading-with-icon icon-left\"><div aria-hidden=\"true\" class=\"image\"><img decoding=\"async\" class=\"lazyload\" src=\"data:image\/svg+xml,%3Csvg%20xmlns%3D%27http%3A%2F%2Fwww.w3.org%2F2000%2Fsvg%27%20width%3D%27155%27%20height%3D%27161%27%20viewBox%3D%270%200%20155%20161%27%3E%3Crect%20width%3D%27155%27%20height%3D%27161%27%20fill-opacity%3D%220%22%2F%3E%3C%2Fsvg%3E\" data-orig-src=\"https:\/\/boxstorage.gr\/wp-content\/uploads\/2024\/07\/boxstorrage-icon.png\" width=\"155\" height=\"161\" alt=\"boxstorage-icon\" \/><\/div><h2 class=\"content-box-heading fusion-responsive-typography-calculated\" style=\"--h2_typography-font-size:24px;--fontSize:24;line-height:1.2;\">PRIX DE LOCATION DE BASE<\/h2><\/div><div class=\"fusion-clearfix\"><\/div><div class=\"content-container\">\n<p>Les prix de base de location des entrep\u00f4ts, y compris le co\u00fbt de l&rsquo;assurance des biens, sans frais suppl\u00e9mentaires et en fonction de la superficie de l&rsquo;entrep\u00f4t \u00e0 louer, sont structur\u00e9s comme suit :<\/p>\n<ul>\n<li style=\"text-align: left;\" aria-level=\"3\">Entrep\u00f4ts de 1,3 \u00e0 2 m\u00b2 :<strong> 38 \u20ac\/mois<\/strong><\/li>\n<\/ul>\n<ul>\n<li style=\"text-align: left;\" aria-level=\"3\">Entrep\u00f4ts de 2,4 \u00e0 3 m\u00b2 : <strong>57 \u20ac\/mois<\/strong><\/li>\n<\/ul>\n<ul>\n<li style=\"text-align: left;\" aria-level=\"3\">Entrep\u00f4ts de 3,4 \u00e0 4,4 m\u00b2 : <strong>76 \u20ac\/mois<\/strong><\/li>\n<\/ul>\n<ul>\n<li style=\"text-align: left;\" aria-level=\"3\">Entrep\u00f4ts de 4,6 \u00e0 5 m\u00b2 : <strong>95 \u20ac\/mois<\/strong><\/li>\n<\/ul>\n<ul>\n<li style=\"text-align: left;\" aria-level=\"3\">Entrep\u00f4ts 6 m\u00b2 : <strong>114\u20ac\/mois<\/strong><\/li>\n<\/ul>\n<ul>\n<li style=\"text-align: left;\" aria-level=\"3\">Entrep\u00f4ts 7 m\u00b2 : <strong>133\u20ac\/mois<\/strong><\/li>\n<\/ul>\n<\/div><\/div><\/div><div style=\"--awb-backgroundcolor:transparent;\" class=\"fusion-column content-box-column content-box-column content-box-column-2 col-lg-4 col-md-4 col-sm-4 fusion-content-box-hover \"><div class=\"col content-box-wrapper content-wrapper link-area-link-icon content-icon-wrapper-yes icon-hover-animation-fade fusion-animated\" data-animationType=\"fadeInUp\" data-animationDuration=\"0.3\" data-animationOffset=\"top-into-view\"><div class=\"heading heading-with-icon icon-left\"><div aria-hidden=\"true\" class=\"image\"><img decoding=\"async\" class=\"lazyload\" src=\"data:image\/svg+xml,%3Csvg%20xmlns%3D%27http%3A%2F%2Fwww.w3.org%2F2000%2Fsvg%27%20width%3D%27155%27%20height%3D%27161%27%20viewBox%3D%270%200%20155%20161%27%3E%3Crect%20width%3D%27155%27%20height%3D%27161%27%20fill-opacity%3D%220%22%2F%3E%3C%2Fsvg%3E\" data-orig-src=\"https:\/\/boxstorage.gr\/wp-content\/uploads\/2024\/07\/boxstorrage-icon.png\" width=\"155\" height=\"161\" alt=\"boxstorage-icon\" \/><\/div><h2 class=\"content-box-heading fusion-responsive-typography-calculated\" style=\"--h2_typography-font-size:24px;--fontSize:24;line-height:1.2;\">PRIX DE STOCKAGE DES BAGAGES - ARCHIVES<\/h2><\/div><div class=\"fusion-clearfix\"><\/div><div class=\"content-container\">\n<p>Les tarifs de location des casiers pour le stockage des bagages ou des archives sont les suivants :<\/p>\n<ul>\n<li style=\"text-align: left;\" aria-level=\"3\">Location de casier de 1 \u00e0 10 jours : <strong>25\u20ac<\/strong><\/li>\n<\/ul>\n<ul>\n<li style=\"text-align: left;\" aria-level=\"3\">Location de casier de 11 \u00e0 20 jours : <strong>40\u20ac<\/strong><\/li>\n<\/ul>\n<ul>\n<li style=\"text-align: left;\" aria-level=\"3\">Location de casier de 21 \u00e0 31 jours : <strong>50\u20ac<\/strong><\/li>\n<\/ul>\n<\/div><\/div><\/div><div style=\"--awb-backgroundcolor:transparent;\" class=\"fusion-column content-box-column content-box-column content-box-column-3 col-lg-4 col-md-4 col-sm-4 fusion-content-box-hover content-box-column-last-in-row\"><div class=\"col content-box-wrapper content-wrapper link-area-link-icon content-icon-wrapper-yes icon-hover-animation-fade fusion-animated\" data-animationType=\"fadeInUp\" data-animationDuration=\"0.3\" data-animationOffset=\"top-into-view\"><div class=\"heading heading-with-icon icon-left\"><div aria-hidden=\"true\" class=\"image\"><img decoding=\"async\" class=\"lazyload\" src=\"data:image\/svg+xml,%3Csvg%20xmlns%3D%27http%3A%2F%2Fwww.w3.org%2F2000%2Fsvg%27%20width%3D%27155%27%20height%3D%27161%27%20viewBox%3D%270%200%20155%20161%27%3E%3Crect%20width%3D%27155%27%20height%3D%27161%27%20fill-opacity%3D%220%22%2F%3E%3C%2Fsvg%3E\" data-orig-src=\"https:\/\/boxstorage.gr\/wp-content\/uploads\/2024\/07\/boxstorage-icon2.png\" width=\"155\" height=\"161\" alt=\"boxstorage-icon2\" \/><\/div><h2 class=\"content-box-heading fusion-responsive-typography-calculated\" style=\"--h2_typography-font-size:24px;--fontSize:24;line-height:1.2;\">PRIX DE LOCATION DU SI\u00c8GE FISCAL<\/h2><\/div><div class=\"fusion-clearfix\"><\/div><div class=\"content-container\">\n<p>Les tarifs de location de Si\u00e8ge Fiscal (SF) sont les suivants :<\/p>\n<ul>\n<li style=\"text-align: left;\" aria-level=\"3\">Location de SF pour 6 mois : <strong>29\u20ac\/mois (Location minimale)<\/strong><\/li>\n<\/ul>\n<ul>\n<li style=\"text-align: left;\" aria-level=\"3\">Location de SF pour 12 mois : <strong>27\u20ac\/mois (Remise de 7%)<\/strong><\/li>\n<\/ul>\n<ul>\n<li style=\"text-align: left;\" aria-level=\"3\">Location de SF pour 24 mois : <strong>25\u20ac\/mois (Remise de 14%)<\/strong><\/li>\n<\/ul>\n<ul>\n<li style=\"text-align: left;\" aria-level=\"3\">Location de SF pour 36 mois : <strong>22\u20ac\/mois (Remise de 25%)<\/strong><\/li>\n<\/ul>\n<\/div><\/div><\/div><div style=\"--awb-backgroundcolor:transparent;\" class=\"fusion-column content-box-column content-box-column content-box-column-4 col-lg-4 col-md-4 col-sm-4 fusion-content-box-hover content-box-column-first-in-row content-box-column-last\"><div class=\"col content-box-wrapper content-wrapper link-area-link-icon content-icon-wrapper-yes icon-hover-animation-fade fusion-animated\" data-animationType=\"fadeInUp\" data-animationDuration=\"0.3\" data-animationOffset=\"top-into-view\"><div class=\"heading heading-with-icon icon-left\"><div aria-hidden=\"true\" class=\"image\"><img decoding=\"async\" class=\"lazyload\" src=\"data:image\/svg+xml,%3Csvg%20xmlns%3D%27http%3A%2F%2Fwww.w3.org%2F2000%2Fsvg%27%20width%3D%27155%27%20height%3D%27161%27%20viewBox%3D%270%200%20155%20161%27%3E%3Crect%20width%3D%27155%27%20height%3D%27161%27%20fill-opacity%3D%220%22%2F%3E%3C%2Fsvg%3E\" data-orig-src=\"https:\/\/boxstorage.gr\/wp-content\/uploads\/2024\/07\/boxstorage-icon2.png\" width=\"155\" height=\"161\" alt=\"boxstorage-icon2\" \/><\/div><h2 class=\"content-box-heading fusion-responsive-typography-calculated\" style=\"--h2_typography-font-size:24px;--fontSize:24;line-height:1.2;\">FORFAITS DE R\u00c9DUCTION<\/h2><\/div><div class=\"fusion-clearfix\"><\/div><div class=\"content-container\">\n<ul>\n<li aria-level=\"1\"><strong>5% de r\u00e9duction<\/strong> sur les baux de 12 mois.<\/li>\n<\/ul>\n<ul>\n<li aria-level=\"1\"><strong>8% de r\u00e9duction<\/strong> sur les baux de 24 mois.<\/li>\n<\/ul>\n<ul>\n<li><strong>10% de r\u00e9duction<\/strong> sur les baux de 36 mois.<\/li>\n<\/ul>\n<\/div><\/div><\/div><div class=\"fusion-clearfix\"><\/div><\/div><div class=\"fusion-title title fusion-title-1 fusion-sep-none fusion-title-center fusion-title-text fusion-title-size-one\" style=\"--awb-text-color:#0d6077;--awb-font-size:18px;\"><h1 class=\"fusion-title-heading title-heading-center fusion-responsive-typography-calculated\" style=\"margin:0;font-size:1em;--fontSize:18;--minFontSize:18;line-height:1.3;\"><p style=\"text-align: center;\">* Les forfaits de r\u00e9duction ne fonctionnent pas en combinaison, tandis que les r\u00e9ductions s\u2019appliquent en cas de paiement anticip\u00e9 du loyer total.<\/p><\/h1><\/div><\/div><\/div><\/div><\/div><div class=\"fusion-fullwidth fullwidth-box fusion-builder-row-2 fusion-flex-container has-pattern-background has-mask-background nonhundred-percent-fullwidth non-hundred-percent-height-scrolling\" style=\"--awb-border-radius-top-left:0px;--awb-border-radius-top-right:0px;--awb-border-radius-bottom-right:0px;--awb-border-radius-bottom-left:0px;--awb-margin-bottom:100px;--awb-flex-wrap:wrap;\" ><div class=\"fusion-builder-row fusion-row fusion-flex-align-items-flex-start fusion-flex-content-wrap\" style=\"max-width:1393.6px;margin-left: calc(-4% \/ 2 );margin-right: calc(-4% \/ 2 );\"><div class=\"fusion-layout-column fusion_builder_column fusion-builder-column-1 fusion_builder_column_1_1 1_1 fusion-flex-column\" style=\"--awb-bg-size:cover;--awb-width-large:100%;--awb-margin-top-large:0px;--awb-spacing-right-large:1.92%;--awb-margin-bottom-large:20px;--awb-spacing-left-large:1.92%;--awb-width-medium:100%;--awb-order-medium:0;--awb-spacing-right-medium:1.92%;--awb-spacing-left-medium:1.92%;--awb-width-small:100%;--awb-order-small:0;--awb-spacing-right-small:1.92%;--awb-spacing-left-small:1.92%;\"><div class=\"fusion-column-wrapper fusion-column-has-shadow fusion-flex-justify-content-flex-start fusion-content-layout-column\"><div style=\"text-align:center;\"><a class=\"fusion-button button-flat fusion-button-default-size button-custom fusion-button-default button-1 fusion-button-default-span fusion-button-default-type\" style=\"--button_accent_color:#ffffff;--button_accent_hover_color:#ffffff;--button_border_hover_color:rgba(255,255,255,0);--button_gradient_top_color:var(--awb-color4);--button_gradient_bottom_color:var(--awb-color4);--button_gradient_top_color_hover:#2c2568;--button_gradient_bottom_color_hover:#2c2568;\" target=\"_self\" href=\"https:\/\/boxstorage.gr\/fr\/guide-utile\/\"><span class=\"fusion-button-text awb-button__text awb-button__text--default\">GUIDE PRATIQUE DE CALCUL<\/span><\/a><\/div><\/div><\/div><\/div><\/div><\/p>\n","protected":false},"excerpt":{"rendered":"","protected":false},"author":1,"featured_media":0,"parent":0,"menu_order":0,"comment_status":"closed","ping_status":"closed","template":"100-width.php","meta":{"footnotes":""},"class_list":["post-3659","page","type-page","status-publish","hentry"],"aioseo_notices":[],"_links":{"self":[{"href":"https:\/\/boxstorage.gr\/fr\/wp-json\/wp\/v2\/pages\/3659","targetHints":{"allow":["GET"]}}],"collection":[{"href":"https:\/\/boxstorage.gr\/fr\/wp-json\/wp\/v2\/pages"}],"about":[{"href":"https:\/\/boxstorage.gr\/fr\/wp-json\/wp\/v2\/types\/page"}],"author":[{"embeddable":true,"href":"https:\/\/boxstorage.gr\/fr\/wp-json\/wp\/v2\/users\/1"}],"replies":[{"embeddable":true,"href":"https:\/\/boxstorage.gr\/fr\/wp-json\/wp\/v2\/comments?post=3659"}],"version-history":[{"count":0,"href":"https:\/\/boxstorage.gr\/fr\/wp-json\/wp\/v2\/pages\/3659\/revisions"}],"wp:attachment":[{"href":"https:\/\/boxstorage.gr\/fr\/wp-json\/wp\/v2\/media?parent=3659"}],"curies":[{"name":"wp","href":"https:\/\/api.w.org\/{rel}","templated":true}]}}