{"id":3656,"date":"2024-04-03T20:31:43","date_gmt":"2024-04-03T17:31:43","guid":{"rendered":"https:\/\/boxstorage.gr\/questions-frequentes\/"},"modified":"2024-06-11T11:48:48","modified_gmt":"2024-06-11T08:48:48","slug":"questions-frequentes","status":"publish","type":"page","link":"https:\/\/boxstorage.gr\/fr\/questions-frequentes\/","title":{"rendered":"Questions fr\u00e9quentes"},"content":{"rendered":"<p><div class=\"fusion-fullwidth fullwidth-box fusion-builder-row-1 fusion-flex-container has-pattern-background has-mask-background nonhundred-percent-fullwidth non-hundred-percent-height-scrolling\" style=\"--awb-border-radius-top-left:0px;--awb-border-radius-top-right:0px;--awb-border-radius-bottom-right:0px;--awb-border-radius-bottom-left:0px;--awb-padding-top:0px;--awb-padding-bottom:100px;--awb-margin-bottom:50px;--awb-background-color:#ffffff;--awb-flex-wrap:wrap;\" id=\"faqbox\" ><div class=\"fusion-builder-row fusion-row fusion-flex-align-items-center fusion-flex-justify-content-center fusion-flex-content-wrap\" style=\"max-width:1393.6px;margin-left: calc(-4% \/ 2 );margin-right: calc(-4% \/ 2 );\"><div class=\"fusion-layout-column fusion_builder_column fusion-builder-column-0 fusion_builder_column_2_3 2_3 fusion-flex-column\" style=\"--awb-bg-size:cover;--awb-width-large:66.666666666667%;--awb-margin-top-large:0px;--awb-spacing-right-large:2.88%;--awb-margin-bottom-large:0px;--awb-spacing-left-large:2.88%;--awb-width-medium:66.666666666667%;--awb-order-medium:0;--awb-spacing-right-medium:2.88%;--awb-spacing-left-medium:2.88%;--awb-width-small:100%;--awb-order-small:0;--awb-spacing-right-small:1.92%;--awb-spacing-left-small:1.92%;\"><div class=\"fusion-column-wrapper fusion-column-has-shadow fusion-flex-justify-content-flex-start fusion-content-layout-column\"><div class=\"fusion-title title fusion-title-1 fusion-sep-none fusion-title-center fusion-title-text fusion-title-size-div\" style=\"--awb-text-color:var(--awb-color4);--awb-margin-bottom:5px;--awb-font-size:30px;\"><div class=\"fusion-title-heading title-heading-center title-heading-tag fusion-responsive-typography-calculated\" style=\"font-family:&quot;Manrope&quot;;font-style:normal;font-weight:400;margin:0;font-size:1em;--fontSize:30;line-height:1.2;\"><p style=\"text-align: center;\">VOUS DEMANDEZ NOUS R\u00c9PONDONS<\/p><\/div><\/div><div class=\"fusion-title title fusion-title-2 fusion-sep-none fusion-title-center fusion-title-text fusion-title-size-two\" style=\"--awb-text-color:var(--awb-color7);\"><h2 class=\"fusion-title-heading title-heading-center fusion-responsive-typography-calculated\" style=\"margin:0;--fontSize:54;line-height:1.2;\"><p style=\"text-align: center;\"><strong>Questions fr\u00e9quentes<\/strong><\/p><\/h2><\/div><div class=\"fusion-separator\" style=\"align-self: center;margin-left: auto;margin-right: auto;margin-top:15px;margin-bottom:35px;width:100%;max-width:80px;\"><div class=\"fusion-separator-border sep-single sep-solid\" style=\"--awb-height:20px;--awb-amount:20px;--awb-sep-color:var(--awb-color7);border-color:var(--awb-color7);border-top-width:2px;\"><\/div><\/div><style type=\"text\/css\">.fusion-faqs-wrapper #accordian-1 .fusion-panel { border-color:#e0dede; }.fusion-faqs-wrapper #accordian-1 .fusion-panel:hover{ border-color: #e0dede; }.fusion-accordian #accordian-1 .panel-title a .fa-fusion-box:before{ font-size: 16px;width: 16px;}.fusion-accordian #accordian-1 .panel-title a .fa-fusion-box{ color: #ffffff;}.fusion-accordian  #accordian-1 .panel-title a{font-family:\"Manrope\";font-style:normal;font-weight:500;}.fusion-accordian  #accordian-1 .panel-title a:not(:hover){}.fusion-accordian  #accordian-1 .toggle-content{font-family:\"Manrope\";font-style:normal;font-weight:400;}.fusion-accordian #accordian-1 .fa-fusion-box { background-color: #212934 !important;border-color: #212934 !important;}.fusion-accordian #accordian-1 .panel-title a:hover,.fusion-accordian #accordian-1 .panel-title a.hover { color: var(--awb-color7);}.fusion-faq-shortcode .fusion-accordian #accordian-1 .fusion-toggle-boxed-mode:hover .panel-title a { color: var(--awb-color7);}.fusion-accordian #accordian-1 .panel-title .active .fa-fusion-box,.fusion-accordian #accordian-1 .panel-title a:hover .fa-fusion-box,.fusion-accordian #accordian-1 .panel-title a.hover .fa-fusion-box { background-color: var(--awb-color7)!important;border-color: var(--awb-color7)!important;}<\/style><div class=\"fusion-faq-shortcode\" style=\"\"><div class=\"fusion-faqs-wrapper\"><div class=\"accordian fusion-accordian\"><div class=\"panel-group \" id=\"accordian-1\"><div class=\"fusion-panel panel-default fusion-faq-post fusion-faq-post-3730 \"><span class=\"entry-title rich-snippet-hidden\">Pourquoi devriez-vous pr\u00e9f\u00e9rer notre entreprise ?<\/span><span class=\"vcard rich-snippet-hidden\"><span class=\"fn\"><a href=\"https:\/\/boxstorage.gr\/fr\/author\/ymavrak\/\" title=\"Articles par admin\" rel=\"author\">admin<\/a><\/span><\/span><span class=\"updated rich-snippet-hidden\">2025-03-19T11:41:18+02:00<\/span><div class=\"panel-heading\"><h4 id=\"faq_1-3730\" class=\"panel-title toggle\"><a data-toggle=\"collapse\" class=\"collapsed\" data-parent=\"#accordian-1\" data-target=\"#collapse-1-3730\" href=\"#collapse-1-3730\" aria-expanded=\"false\"><div class=\"fusion-toggle-icon-wrapper\"><div class=\"fusion-toggle-icon-wrapper-main\"><div class=\"fusion-toggle-icon-wrapper-sub\"><i class=\"fa-fusion-box active-icon awb-icon-minus\" aria-hidden=\"true\"><\/i><i class=\"fa-fusion-box inactive-icon awb-icon-plus\" aria-hidden=\"true\"><\/i><\/div><\/div><\/div><div class=\"fusion-toggle-heading\">Pourquoi devriez-vous pr\u00e9f\u00e9rer notre entreprise ?<\/div><\/a><\/h4><\/div><div id=\"collapse-1-3730\" aria-labelledby=\"faq_1-3730\" class=\"panel-collapse collapse\"><div class=\"panel-body toggle-content post-content\"><p>Nous proposons des solutions de stockage s\u00e9curis\u00e9es, flexibles et \u00e9conomiques aux particuliers et aux entreprises. Nos services comprennent la location d&rsquo;unit\u00e9s d&rsquo;entreposage de diff\u00e9rentes tailles, selon vos besoins, pour entreposer vos effets personnels ou votre \u00e9quipement professionnel. Nos installations se trouvent au mezzanine et au 2e \u00e9tage d&rsquo;un b\u00e2timent industriel et disposent de spaces de stockage modernes, de fen\u00eatres \u00e0 double vitrage avec des membranes absorbantes contre les radiations UV, de zones ventil\u00e9es naturellement, de syst\u00e8mes de d\u00e9tection d&rsquo;incendie, de s\u00e9curit\u00e9 incendie, d&rsquo;alarmes et de surveillance. Pour votre commodit\u00e9, concernant le d\u00e9m\u00e9nagement de vos objets et leur transport et stockage faciles, deux places de parking et un ascenseur de 500 kg sont disponibles. Un acc\u00e8s appropri\u00e9 est \u00e9galement disponible pour l&rsquo;utilisation d&rsquo;un engin de levage.<\/p>\n<\/div><\/div><\/div><div class=\"fusion-panel panel-default fusion-faq-post fusion-faq-post-3729 \"><span class=\"entry-title rich-snippet-hidden\">Quel est le processus de location d\u2019entrep\u00f4t ?<\/span><span class=\"vcard rich-snippet-hidden\"><span class=\"fn\"><a href=\"https:\/\/boxstorage.gr\/fr\/author\/ymavrak\/\" title=\"Articles par admin\" rel=\"author\">admin<\/a><\/span><\/span><span class=\"updated rich-snippet-hidden\">2024-03-30T13:51:14+02:00<\/span><div class=\"panel-heading\"><h4 id=\"faq_1-3729\" class=\"panel-title toggle\"><a data-toggle=\"collapse\" class=\"collapsed\" data-parent=\"#accordian-1\" data-target=\"#collapse-1-3729\" href=\"#collapse-1-3729\" aria-expanded=\"false\"><div class=\"fusion-toggle-icon-wrapper\"><div class=\"fusion-toggle-icon-wrapper-main\"><div class=\"fusion-toggle-icon-wrapper-sub\"><i class=\"fa-fusion-box active-icon awb-icon-minus\" aria-hidden=\"true\"><\/i><i class=\"fa-fusion-box inactive-icon awb-icon-plus\" aria-hidden=\"true\"><\/i><\/div><\/div><\/div><div class=\"fusion-toggle-heading\">Quel est le processus de location d\u2019entrep\u00f4t ?<\/div><\/a><\/h4><\/div><div id=\"collapse-1-3729\" aria-labelledby=\"faq_1-3729\" class=\"panel-collapse collapse\"><div class=\"panel-body toggle-content post-content\"><p>Le processus est simple et facile \u00e0 r\u00e9aliser en 4 \u00e9tapes comme ci-dessous : <\/p>\n<p>1. Le client int\u00e9ress\u00e9 peut \u00eatre inform\u00e9 de la disponibilit\u00e9 de l&rsquo;espace de stockage qui r\u00e9pond \u00e0 ses besoins de stockage d&rsquo;articles, soit en ligne via le site Internet de l&rsquo;entreprise, soit apr\u00e8s avoir soumis une demande pertinente via le formulaire de contact avec l&rsquo;entreprise, ou directement par un appel t\u00e9l\u00e9phonique. sur les t\u00e9l\u00e9phones de l&rsquo;entreprise. <\/p>\n<p>2. La r\u00e9servation de l&rsquo;entrep\u00f4t est finalis\u00e9e apr\u00e8s acceptation des termes du contrat de location priv\u00e9e par le client et preuve du paiement du loyer par carte de cr\u00e9dit, virement d&rsquo;argent avec IRIS ou via web-banking sur le compte bancaire de l&rsquo;entreprise. <\/p>\n<p>3. Mise en ligne du contrat de location priv\u00e9e sur taxisnet par l&rsquo;entreprise, pour acceptation par le client, imm\u00e9diatement apr\u00e8s la confirmation de son paiement, tel qu&rsquo;analys\u00e9 \u00e0 l&rsquo;\u00e9tape pr\u00e9c\u00e9dente. <\/p>\n<p>4. Apr\u00e8s l&rsquo;acceptation par le client et la mise en ligne sur taxisnet du contrat de location, envoi au client du mot de passe du contr\u00f4le d&rsquo;acc\u00e8s de l&rsquo;entr\u00e9e principale de l&rsquo;entrep\u00f4t, ainsi que du code de l&rsquo;entr\u00e9e du b\u00e2timent. <\/p>\n<\/div><\/div><\/div><div class=\"fusion-panel panel-default fusion-faq-post fusion-faq-post-3728 \"><span class=\"entry-title rich-snippet-hidden\">Quelles sont les conditions de location d&rsquo;un entrep\u00f4t ?<\/span><span class=\"vcard rich-snippet-hidden\"><span class=\"fn\"><a href=\"https:\/\/boxstorage.gr\/fr\/author\/ymavrak\/\" title=\"Articles par admin\" rel=\"author\">admin<\/a><\/span><\/span><span class=\"updated rich-snippet-hidden\">2024-03-30T13:54:10+02:00<\/span><div class=\"panel-heading\"><h4 id=\"faq_1-3728\" class=\"panel-title toggle\"><a data-toggle=\"collapse\" class=\"collapsed\" data-parent=\"#accordian-1\" data-target=\"#collapse-1-3728\" href=\"#collapse-1-3728\" aria-expanded=\"false\"><div class=\"fusion-toggle-icon-wrapper\"><div class=\"fusion-toggle-icon-wrapper-main\"><div class=\"fusion-toggle-icon-wrapper-sub\"><i class=\"fa-fusion-box active-icon awb-icon-minus\" aria-hidden=\"true\"><\/i><i class=\"fa-fusion-box inactive-icon awb-icon-plus\" aria-hidden=\"true\"><\/i><\/div><\/div><\/div><div class=\"fusion-toggle-heading\">Quelles sont les conditions de location d&rsquo;un entrep\u00f4t ?<\/div><\/a><\/h4><\/div><div id=\"collapse-1-3728\" aria-labelledby=\"faq_1-3728\" class=\"panel-collapse collapse\"><div class=\"panel-body toggle-content post-content\"><p>Les modalit\u00e9s de location d&rsquo;un entrep\u00f4t sont d\u00e9taill\u00e9es dans le Contrat de Bail Priv\u00e9 sign\u00e9 entre l&rsquo;entreprise et chaque prospect. <\/p>\n<\/div><\/div><\/div><div class=\"fusion-panel panel-default fusion-faq-post fusion-faq-post-3727 \"><span class=\"entry-title rich-snippet-hidden\">Quand puis-je visiter l\u2019entrep\u00f4t que j\u2019ai lou\u00e9 ?<\/span><span class=\"vcard rich-snippet-hidden\"><span class=\"fn\"><a href=\"https:\/\/boxstorage.gr\/fr\/author\/ymavrak\/\" title=\"Articles par admin\" rel=\"author\">admin<\/a><\/span><\/span><span class=\"updated rich-snippet-hidden\">2024-03-30T13:54:31+02:00<\/span><div class=\"panel-heading\"><h4 id=\"faq_1-3727\" class=\"panel-title toggle\"><a data-toggle=\"collapse\" class=\"collapsed\" data-parent=\"#accordian-1\" data-target=\"#collapse-1-3727\" href=\"#collapse-1-3727\" aria-expanded=\"false\"><div class=\"fusion-toggle-icon-wrapper\"><div class=\"fusion-toggle-icon-wrapper-main\"><div class=\"fusion-toggle-icon-wrapper-sub\"><i class=\"fa-fusion-box active-icon awb-icon-minus\" aria-hidden=\"true\"><\/i><i class=\"fa-fusion-box inactive-icon awb-icon-plus\" aria-hidden=\"true\"><\/i><\/div><\/div><\/div><div class=\"fusion-toggle-heading\">Quand puis-je visiter l\u2019entrep\u00f4t que j\u2019ai lou\u00e9 ?<\/div><\/a><\/h4><\/div><div id=\"collapse-1-3727\" aria-labelledby=\"faq_1-3727\" class=\"panel-collapse collapse\"><div class=\"panel-body toggle-content post-content\"><p>Du lundi au dimanche, de 08h00 \u00e0 22h00. Entre 22h01 et 07h59, l&rsquo;alarme de l&rsquo;entrep\u00f4t est activ\u00e9e et l&rsquo;acc\u00e8s des clients n&rsquo;est possible qu&rsquo;apr\u00e8s consultation de la direction de l&rsquo;entreprise.<\/p>\n<\/div><\/div><\/div><div class=\"fusion-panel panel-default fusion-faq-post fusion-faq-post-3726 \"><span class=\"entry-title rich-snippet-hidden\">\u00c0 quels besoins les espaces de stockage de boxstorage.gr couvrent-ils pour moi ?<\/span><span class=\"vcard rich-snippet-hidden\"><span class=\"fn\"><a href=\"https:\/\/boxstorage.gr\/fr\/author\/ymavrak\/\" title=\"Articles par admin\" rel=\"author\">admin<\/a><\/span><\/span><span class=\"updated rich-snippet-hidden\">2024-03-30T13:54:47+02:00<\/span><div class=\"panel-heading\"><h4 id=\"faq_1-3726\" class=\"panel-title toggle\"><a data-toggle=\"collapse\" class=\"collapsed\" data-parent=\"#accordian-1\" data-target=\"#collapse-1-3726\" href=\"#collapse-1-3726\" aria-expanded=\"false\"><div class=\"fusion-toggle-icon-wrapper\"><div class=\"fusion-toggle-icon-wrapper-main\"><div class=\"fusion-toggle-icon-wrapper-sub\"><i class=\"fa-fusion-box active-icon awb-icon-minus\" aria-hidden=\"true\"><\/i><i class=\"fa-fusion-box inactive-icon awb-icon-plus\" aria-hidden=\"true\"><\/i><\/div><\/div><\/div><div class=\"fusion-toggle-heading\">\u00c0 quels besoins les espaces de stockage de boxstorage.gr couvrent-ils pour moi ?<\/div><\/a><\/h4><\/div><div id=\"collapse-1-3726\" aria-labelledby=\"faq_1-3726\" class=\"panel-collapse collapse\"><div class=\"panel-body toggle-content post-content\"><p>Nos espaces de stockage peuvent r\u00e9pondre \u00e0 une vari\u00e9t\u00e9 de besoins de stockage des particuliers et des entreprises. Pour d\u00e9terminer avec pr\u00e9cision l&rsquo;entrep\u00f4t qui r\u00e9pond \u00e0 vos besoins, vous pouvez vous r\u00e9f\u00e9rer au guide pratique de calcul en m\u00e8tres carr\u00e9s et m\u00e8tres cubes, disponible en cliquant <a href=\"https:\/\/boxstorage.gr\/useful-guide\/\"><strong>ici<\/strong><\/a>.<\/p>\n<\/div><\/div><\/div><div class=\"fusion-panel panel-default fusion-faq-post fusion-faq-post-3725 \"><span class=\"entry-title rich-snippet-hidden\">Quelle est la disponibilit\u00e9 actuelle des espaces de stockage ?<\/span><span class=\"vcard rich-snippet-hidden\"><span class=\"fn\"><a href=\"https:\/\/boxstorage.gr\/fr\/author\/ymavrak\/\" title=\"Articles par admin\" rel=\"author\">admin<\/a><\/span><\/span><span class=\"updated rich-snippet-hidden\">2024-03-30T13:55:01+02:00<\/span><div class=\"panel-heading\"><h4 id=\"faq_1-3725\" class=\"panel-title toggle\"><a data-toggle=\"collapse\" class=\"collapsed\" data-parent=\"#accordian-1\" data-target=\"#collapse-1-3725\" href=\"#collapse-1-3725\" aria-expanded=\"false\"><div class=\"fusion-toggle-icon-wrapper\"><div class=\"fusion-toggle-icon-wrapper-main\"><div class=\"fusion-toggle-icon-wrapper-sub\"><i class=\"fa-fusion-box active-icon awb-icon-minus\" aria-hidden=\"true\"><\/i><i class=\"fa-fusion-box inactive-icon awb-icon-plus\" aria-hidden=\"true\"><\/i><\/div><\/div><\/div><div class=\"fusion-toggle-heading\">Quelle est la disponibilit\u00e9 actuelle des espaces de stockage ?<\/div><\/a><\/h4><\/div><div id=\"collapse-1-3725\" aria-labelledby=\"faq_1-3725\" class=\"panel-collapse collapse\"><div class=\"panel-body toggle-content post-content\"><p><a href=\"\/contact-us\"><strong> Contactez-nous <\/strong><\/a> pour vous informer de la disponibilit\u00e9 de l&rsquo;espace de stockage qui vous int\u00e9resse.<\/p>\n<\/div><\/div><\/div><div class=\"fusion-panel panel-default fusion-faq-post fusion-faq-post-3724 \"><span class=\"entry-title rich-snippet-hidden\">Que puis-je stocker dans l&rsquo;entrep\u00f4t que je louerai ?<\/span><span class=\"vcard rich-snippet-hidden\"><span class=\"fn\"><a href=\"https:\/\/boxstorage.gr\/fr\/author\/ymavrak\/\" title=\"Articles par admin\" rel=\"author\">admin<\/a><\/span><\/span><span class=\"updated rich-snippet-hidden\">2024-03-30T13:55:13+02:00<\/span><div class=\"panel-heading\"><h4 id=\"faq_1-3724\" class=\"panel-title toggle\"><a data-toggle=\"collapse\" class=\"collapsed\" data-parent=\"#accordian-1\" data-target=\"#collapse-1-3724\" href=\"#collapse-1-3724\" aria-expanded=\"false\"><div class=\"fusion-toggle-icon-wrapper\"><div class=\"fusion-toggle-icon-wrapper-main\"><div class=\"fusion-toggle-icon-wrapper-sub\"><i class=\"fa-fusion-box active-icon awb-icon-minus\" aria-hidden=\"true\"><\/i><i class=\"fa-fusion-box inactive-icon awb-icon-plus\" aria-hidden=\"true\"><\/i><\/div><\/div><\/div><div class=\"fusion-toggle-heading\">Que puis-je stocker dans l&rsquo;entrep\u00f4t que je louerai ?<\/div><\/a><\/h4><\/div><div id=\"collapse-1-3724\" aria-labelledby=\"faq_1-3724\" class=\"panel-collapse collapse\"><div class=\"panel-body toggle-content post-content\"><p>Les objets que vous pouvez stocker dans nos espaces de stockage sont analys\u00e9s \u00e0 la fois dans le <a href=\"\/useful-guide\"><strong>Guide Pratique de Calcul<\/strong><\/a> de la Surface N\u00e9cessaire et dans le Contrat de Bail Priv\u00e9.<\/p>\n<\/div><\/div><\/div><div class=\"fusion-panel panel-default fusion-faq-post fusion-faq-post-3723 \"><span class=\"entry-title rich-snippet-hidden\">Comment la s\u00e9curit\u00e9 des objets stock\u00e9s est-elle assur\u00e9e ?<\/span><span class=\"vcard rich-snippet-hidden\"><span class=\"fn\"><a href=\"https:\/\/boxstorage.gr\/fr\/author\/ymavrak\/\" title=\"Articles par admin\" rel=\"author\">admin<\/a><\/span><\/span><span class=\"updated rich-snippet-hidden\">2024-03-30T13:55:29+02:00<\/span><div class=\"panel-heading\"><h4 id=\"faq_1-3723\" class=\"panel-title toggle\"><a data-toggle=\"collapse\" class=\"collapsed\" data-parent=\"#accordian-1\" data-target=\"#collapse-1-3723\" href=\"#collapse-1-3723\" aria-expanded=\"false\"><div class=\"fusion-toggle-icon-wrapper\"><div class=\"fusion-toggle-icon-wrapper-main\"><div class=\"fusion-toggle-icon-wrapper-sub\"><i class=\"fa-fusion-box active-icon awb-icon-minus\" aria-hidden=\"true\"><\/i><i class=\"fa-fusion-box inactive-icon awb-icon-plus\" aria-hidden=\"true\"><\/i><\/div><\/div><\/div><div class=\"fusion-toggle-heading\">Comment la s\u00e9curit\u00e9 des objets stock\u00e9s est-elle assur\u00e9e ?<\/div><\/a><\/h4><\/div><div id=\"collapse-1-3723\" aria-labelledby=\"faq_1-3723\" class=\"panel-collapse collapse\"><div class=\"panel-body toggle-content post-content\"><p>La s\u00e9curit\u00e9 de vos articles est de la plus haute importance pour nous. Nos installations sont \u00e9quip\u00e9es de syst\u00e8mes de s\u00e9curit\u00e9 avanc\u00e9s. Pour plus de d\u00e9tails, consultez la section <a href=\"\/our-services\"><strong>SERVICES<\/strong><\/a> de notre site Web.<\/p>\n<\/div><\/div><\/div><div class=\"fusion-panel panel-default fusion-faq-post fusion-faq-post-3722 \"><span class=\"entry-title rich-snippet-hidden\">Combien de temps puis-je louer un entrep\u00f4t ?<\/span><span class=\"vcard rich-snippet-hidden\"><span class=\"fn\"><a href=\"https:\/\/boxstorage.gr\/fr\/author\/ymavrak\/\" title=\"Articles par admin\" rel=\"author\">admin<\/a><\/span><\/span><span class=\"updated rich-snippet-hidden\">2025-03-19T11:42:10+02:00<\/span><div class=\"panel-heading\"><h4 id=\"faq_1-3722\" class=\"panel-title toggle\"><a data-toggle=\"collapse\" class=\"collapsed\" data-parent=\"#accordian-1\" data-target=\"#collapse-1-3722\" href=\"#collapse-1-3722\" aria-expanded=\"false\"><div class=\"fusion-toggle-icon-wrapper\"><div class=\"fusion-toggle-icon-wrapper-main\"><div class=\"fusion-toggle-icon-wrapper-sub\"><i class=\"fa-fusion-box active-icon awb-icon-minus\" aria-hidden=\"true\"><\/i><i class=\"fa-fusion-box inactive-icon awb-icon-plus\" aria-hidden=\"true\"><\/i><\/div><\/div><\/div><div class=\"fusion-toggle-heading\">Combien de temps puis-je louer un entrep\u00f4t ?<\/div><\/a><\/h4><\/div><div id=\"collapse-1-3722\" aria-labelledby=\"faq_1-3722\" class=\"panel-collapse collapse\"><div class=\"panel-body toggle-content post-content\"><p>La p\u00e9riode de location d&rsquo;un espace de stockage chez Boxstorage varie de un mois \u00e0 3 ans, en fonction de vos besoins.<\/p>\n<\/div><\/div><\/div><div class=\"fusion-panel panel-default fusion-faq-post fusion-faq-post-4171 \"><span class=\"entry-title rich-snippet-hidden\">Pourquoi choisir une Domiciliation Fiscale chez Boxstorage ?<\/span><span class=\"vcard rich-snippet-hidden\"><span class=\"fn\"><a href=\"https:\/\/boxstorage.gr\/fr\/author\/giveitdev\/\" title=\"Articles par giveitdev\" rel=\"author\">giveitdev<\/a><\/span><\/span><span class=\"updated rich-snippet-hidden\">2025-03-19T11:43:43+02:00<\/span><div class=\"panel-heading\"><h4 id=\"faq_1-4171\" class=\"panel-title toggle\"><a data-toggle=\"collapse\" class=\"collapsed\" data-parent=\"#accordian-1\" data-target=\"#collapse-1-4171\" href=\"#collapse-1-4171\" aria-expanded=\"false\"><div class=\"fusion-toggle-icon-wrapper\"><div class=\"fusion-toggle-icon-wrapper-main\"><div class=\"fusion-toggle-icon-wrapper-sub\"><i class=\"fa-fusion-box active-icon awb-icon-minus\" aria-hidden=\"true\"><\/i><i class=\"fa-fusion-box inactive-icon awb-icon-plus\" aria-hidden=\"true\"><\/i><\/div><\/div><\/div><div class=\"fusion-toggle-heading\">Pourquoi choisir une Domiciliation Fiscale chez Boxstorage ?<\/div><\/a><\/h4><\/div><div id=\"collapse-1-4171\" aria-labelledby=\"faq_1-4171\" class=\"panel-collapse collapse\"><div class=\"panel-body toggle-content post-content\"><p>Nous vous offrons une adresse professionnelle stable, de la transparence dans votre contrat de location, une proc\u00e9dure de location simple et rapide, une r\u00e9duction indirecte de vos co\u00fbts op\u00e9rationnels, et vous pouvez choisir la dur\u00e9e et le co\u00fbt de la location qui correspondent le mieux \u00e0 vos besoins.<\/p>\n<\/div><\/div><\/div><div class=\"fusion-panel panel-default fusion-faq-post fusion-faq-post-4169 \"><span class=\"entry-title rich-snippet-hidden\">Quelle est la dur\u00e9e minimale de location d&rsquo;une domiciliation fiscale ?<\/span><span class=\"vcard rich-snippet-hidden\"><span class=\"fn\"><a href=\"https:\/\/boxstorage.gr\/fr\/author\/giveitdev\/\" title=\"Articles par giveitdev\" rel=\"author\">giveitdev<\/a><\/span><\/span><span class=\"updated rich-snippet-hidden\">2025-03-19T11:44:39+02:00<\/span><div class=\"panel-heading\"><h4 id=\"faq_1-4169\" class=\"panel-title toggle\"><a data-toggle=\"collapse\" class=\"collapsed\" data-parent=\"#accordian-1\" data-target=\"#collapse-1-4169\" href=\"#collapse-1-4169\" aria-expanded=\"false\"><div class=\"fusion-toggle-icon-wrapper\"><div class=\"fusion-toggle-icon-wrapper-main\"><div class=\"fusion-toggle-icon-wrapper-sub\"><i class=\"fa-fusion-box active-icon awb-icon-minus\" aria-hidden=\"true\"><\/i><i class=\"fa-fusion-box inactive-icon awb-icon-plus\" aria-hidden=\"true\"><\/i><\/div><\/div><\/div><div class=\"fusion-toggle-heading\">Quelle est la dur\u00e9e minimale de location d&rsquo;une domiciliation fiscale ?<\/div><\/a><\/h4><\/div><div id=\"collapse-1-4169\" aria-labelledby=\"faq_1-4169\" class=\"panel-collapse collapse\"><div class=\"panel-body toggle-content post-content\"><p>La dur\u00e9e minimale de location d&rsquo;une domiciliation fiscale chez Boxstorage est de 6 mois.<\/p>\n<\/div><\/div><\/div><div class=\"fusion-panel panel-default fusion-faq-post fusion-faq-post-4167 \"><span class=\"entry-title rich-snippet-hidden\">Combien de bagages ou de cartons puis-je stocker dans les casiers de Boxstorage ?<\/span><span class=\"vcard rich-snippet-hidden\"><span class=\"fn\"><a href=\"https:\/\/boxstorage.gr\/fr\/author\/giveitdev\/\" title=\"Articles par giveitdev\" rel=\"author\">giveitdev<\/a><\/span><\/span><span class=\"updated rich-snippet-hidden\">2025-03-19T11:45:10+02:00<\/span><div class=\"panel-heading\"><h4 id=\"faq_1-4167\" class=\"panel-title toggle\"><a data-toggle=\"collapse\" class=\"collapsed\" data-parent=\"#accordian-1\" data-target=\"#collapse-1-4167\" href=\"#collapse-1-4167\" aria-expanded=\"false\"><div class=\"fusion-toggle-icon-wrapper\"><div class=\"fusion-toggle-icon-wrapper-main\"><div class=\"fusion-toggle-icon-wrapper-sub\"><i class=\"fa-fusion-box active-icon awb-icon-minus\" aria-hidden=\"true\"><\/i><i class=\"fa-fusion-box inactive-icon awb-icon-plus\" aria-hidden=\"true\"><\/i><\/div><\/div><\/div><div class=\"fusion-toggle-heading\">Combien de bagages ou de cartons puis-je stocker dans les casiers de Boxstorage ?<\/div><\/a><\/h4><\/div><div id=\"collapse-1-4167\" aria-labelledby=\"faq_1-4167\" class=\"panel-collapse collapse\"><div class=\"panel-body toggle-content post-content\"><p>Notre entreprise propose des casiers m\u00e9talliques de dimensions 120 x 70 x 100 cm, dans lesquels vous pouvez stocker 2 valises de taille XXL ou XL, deux valises de taille M et 3-4 valises de cabine. Alternativement, vous pouvez stocker vos effets personnels dans des cartons, avec la capacit\u00e9 maximale d&rsquo;un casier permettant de stocker 2 cartons tr\u00e8s grands de dimensions 60 x 50 x 50 cm, 2 cartons grands de dimensions 60 x 40 x 40 cm et un carton de taille moyenne de dimensions 50 x 35 x 35 cm. Il est facilement perceptible \u00e0 travers nos photos dans la galerie qu&rsquo;il est possible de cr\u00e9er une multitude de combinaisons de bagages, de cartons et de bo\u00eetes de rangement en plastique.<\/p>\n<\/div><\/div><\/div><\/div><\/div><\/div><\/div><\/div><\/div><\/div><\/div><div class=\"fusion-fullwidth fullwidth-box fusion-builder-row-2 fusion-flex-container has-pattern-background has-mask-background nonhundred-percent-fullwidth non-hundred-percent-height-scrolling\" style=\"--awb-border-radius-top-left:0px;--awb-border-radius-top-right:0px;--awb-border-radius-bottom-right:0px;--awb-border-radius-bottom-left:0px;--awb-flex-wrap:wrap;\" ><div class=\"fusion-builder-row fusion-row fusion-flex-align-items-flex-start fusion-flex-content-wrap\" style=\"max-width:1393.6px;margin-left: calc(-4% \/ 2 );margin-right: calc(-4% \/ 2 );\"><\/div><\/div><\/p>\n","protected":false},"excerpt":{"rendered":"","protected":false},"author":1,"featured_media":0,"parent":0,"menu_order":0,"comment_status":"closed","ping_status":"closed","template":"100-width.php","meta":{"footnotes":""},"class_list":["post-3656","page","type-page","status-publish","hentry"],"aioseo_notices":[],"_links":{"self":[{"href":"https:\/\/boxstorage.gr\/fr\/wp-json\/wp\/v2\/pages\/3656","targetHints":{"allow":["GET"]}}],"collection":[{"href":"https:\/\/boxstorage.gr\/fr\/wp-json\/wp\/v2\/pages"}],"about":[{"href":"https:\/\/boxstorage.gr\/fr\/wp-json\/wp\/v2\/types\/page"}],"author":[{"embeddable":true,"href":"https:\/\/boxstorage.gr\/fr\/wp-json\/wp\/v2\/users\/1"}],"replies":[{"embeddable":true,"href":"https:\/\/boxstorage.gr\/fr\/wp-json\/wp\/v2\/comments?post=3656"}],"version-history":[{"count":0,"href":"https:\/\/boxstorage.gr\/fr\/wp-json\/wp\/v2\/pages\/3656\/revisions"}],"wp:attachment":[{"href":"https:\/\/boxstorage.gr\/fr\/wp-json\/wp\/v2\/media?parent=3656"}],"curies":[{"name":"wp","href":"https:\/\/api.w.org\/{rel}","templated":true}]}}