{"id":3653,"date":"2021-12-07T17:10:41","date_gmt":"2021-12-07T15:10:41","guid":{"rendered":"https:\/\/boxstorage.gr\/politique-de-confidentialite\/"},"modified":"2024-06-11T11:48:14","modified_gmt":"2024-06-11T08:48:14","slug":"politique-de-confidentialite","status":"publish","type":"page","link":"https:\/\/boxstorage.gr\/fr\/politique-de-confidentialite\/","title":{"rendered":"politique de confidentialit\u00e9"},"content":{"rendered":"<div class=\"fusion-fullwidth fullwidth-box fusion-builder-row-1 fusion-flex-container nonhundred-percent-fullwidth non-hundred-percent-height-scrolling\" style=\"--awb-border-radius-top-left:0px;--awb-border-radius-top-right:0px;--awb-border-radius-bottom-right:0px;--awb-border-radius-bottom-left:0px;--awb-flex-wrap:wrap;\" ><div class=\"fusion-builder-row fusion-row fusion-flex-align-items-flex-start fusion-flex-content-wrap\" style=\"max-width:1393.6px;margin-left: calc(-4% \/ 2 );margin-right: calc(-4% \/ 2 );\"><div class=\"fusion-layout-column fusion_builder_column fusion-builder-column-0 fusion_builder_column_1_1 1_1 fusion-flex-column\" style=\"--awb-bg-size:cover;--awb-width-large:100%;--awb-margin-top-large:0px;--awb-spacing-right-large:1.92%;--awb-margin-bottom-large:20px;--awb-spacing-left-large:1.92%;--awb-width-medium:100%;--awb-order-medium:0;--awb-spacing-right-medium:1.92%;--awb-spacing-left-medium:1.92%;--awb-width-small:100%;--awb-order-small:0;--awb-spacing-right-small:1.92%;--awb-spacing-left-small:1.92%;\"><div class=\"fusion-column-wrapper fusion-column-has-shadow fusion-flex-justify-content-flex-start fusion-content-layout-column\"><div class=\"fusion-text fusion-text-1\" style=\"--awb-text-transform:none;--awb-text-color:#000000;\"><h3>1. Collecte de donn\u00e9es personnelles<\/h3>\n<p>Nous collectons les donn\u00e9es personnelles suivantes aupr\u00e8s de vous :<\/p>\n<ul>\n<li>Nom et pr\u00e9nom<\/li>\n<li>Adresse e-mail<\/li>\n<li>Num\u00e9ro de t\u00e9l\u00e9phone<\/li>\n<li>Adresse<\/li>\n<\/ul>\n<h3>2. Utilisation des donn\u00e9es personnelles<\/h3>\n<p>Vos donn\u00e9es personnelles sont utilis\u00e9es aux fins suivantes :<\/p>\n<ul>\n<li>Fourniture et gestion de nos services<\/li>\n<li>Vous contacter \u00e0 propos de votre r\u00e9servation<\/li>\n<li>Traitement de la facturation et des paiements<\/li>\n<li>Am\u00e9liorer nos services<\/li>\n<\/ul>\n<h3>3. Stockage et protection des donn\u00e9es personnelles<\/h3>\n<p>Nous prenons les mesures techniques et organisationnelles appropri\u00e9es pour prot\u00e9ger vos donn\u00e9es personnelles contre tout acc\u00e8s non autoris\u00e9, perte, alt\u00e9ration ou divulgation.<\/p>\n<h3>4. Droits des utilisateurs<\/h3>\n<p>Conform\u00e9ment \u00e0 la l\u00e9gislation applicable en mati\u00e8re de protection des donn\u00e9es, vous disposez des droits suivants :<\/p>\n<ul>\n<li>Droit d&rsquo;acc\u00e8s \u00e0 vos donn\u00e9es personnelles<\/li>\n<li>Droit de rectification de vos donn\u00e9es personnelles<\/li>\n<li>Droit de supprimer vos donn\u00e9es personnelles<\/li>\n<li>Droit de restreindre le traitement de vos donn\u00e9es personnelles<\/li>\n<li>Droit d&rsquo;opposition au traitement de vos donn\u00e9es personnelles<\/li>\n<\/ul>\n<h3>5. Divulgation des donn\u00e9es personnelles<\/h3>\n<p>Nous ne partageons pas vos donn\u00e9es personnelles avec des tiers, sauf si cela est n\u00e9cessaire \u00e0 la fourniture de nos services, au respect des obligations l\u00e9gales ou si vous avez donn\u00e9 votre consentement expr\u00e8s.<\/p>\n<h3>6. Utilisation des cookies<\/h3>\n<p>Notre site Web utilise des cookies pour am\u00e9liorer votre exp\u00e9rience. Vous pouvez configurer votre navigateur pour qu&rsquo;il n&rsquo;accepte pas les cookies. Toutefois, certaines fonctionnalit\u00e9s de notre site Web pourraient ne pas fonctionner correctement sans eux.<\/p>\n<h3>7.Communications<\/h3>\n<p>Pour toute question ou pr\u00e9occupation concernant cette politique de confidentialit\u00e9 ou le traitement de vos donn\u00e9es personnelles, vous pouvez nous contacter \u00e0 <a href=\"mailto:info@boxstorage.gr\">info@boxstorage.gr<\/a> .<\/p>\n<h3>8. Modifications de la politique de confidentialit\u00e9<\/h3>\n<p>Nous nous r\u00e9servons le droit de modifier cette politique de confidentialit\u00e9 \u00e0 tout moment. Tout changement sera publi\u00e9 sur notre site Web. Nous vous recommandons de v\u00e9rifier r\u00e9guli\u00e8rement cette politique pour tout changement.<\/p>\n<\/div><\/div><\/div><\/div><\/div>\n","protected":false},"excerpt":{"rendered":"","protected":false},"author":1,"featured_media":0,"parent":0,"menu_order":0,"comment_status":"closed","ping_status":"closed","template":"100-width.php","meta":{"footnotes":""},"class_list":["post-3653","page","type-page","status-publish","hentry"],"aioseo_notices":[],"_links":{"self":[{"href":"https:\/\/boxstorage.gr\/fr\/wp-json\/wp\/v2\/pages\/3653","targetHints":{"allow":["GET"]}}],"collection":[{"href":"https:\/\/boxstorage.gr\/fr\/wp-json\/wp\/v2\/pages"}],"about":[{"href":"https:\/\/boxstorage.gr\/fr\/wp-json\/wp\/v2\/types\/page"}],"author":[{"embeddable":true,"href":"https:\/\/boxstorage.gr\/fr\/wp-json\/wp\/v2\/users\/1"}],"replies":[{"embeddable":true,"href":"https:\/\/boxstorage.gr\/fr\/wp-json\/wp\/v2\/comments?post=3653"}],"version-history":[{"count":0,"href":"https:\/\/boxstorage.gr\/fr\/wp-json\/wp\/v2\/pages\/3653\/revisions"}],"wp:attachment":[{"href":"https:\/\/boxstorage.gr\/fr\/wp-json\/wp\/v2\/media?parent=3653"}],"curies":[{"name":"wp","href":"https:\/\/api.w.org\/{rel}","templated":true}]}}