{"id":3633,"date":"2024-05-22T16:14:08","date_gmt":"2024-05-22T13:14:08","guid":{"rendered":"https:\/\/boxstorage.gr\/location-dentrepot-paleo-faliro\/"},"modified":"2024-06-24T12:34:50","modified_gmt":"2024-06-24T09:34:50","slug":"location-dentrepot-paleo-faliro","status":"publish","type":"page","link":"https:\/\/boxstorage.gr\/fr\/location-dentrepot-paleo-faliro\/","title":{"rendered":"Location d&rsquo;entrep\u00f4t Paleo Faliro."},"content":{"rendered":"<p><div class=\"fusion-fullwidth fullwidth-box fusion-builder-row-1 fusion-flex-container has-pattern-background has-mask-background nonhundred-percent-fullwidth non-hundred-percent-height-scrolling\" style=\"--awb-border-radius-top-left:0px;--awb-border-radius-top-right:0px;--awb-border-radius-bottom-right:0px;--awb-border-radius-bottom-left:0px;--awb-flex-wrap:wrap;\" ><div class=\"fusion-builder-row fusion-row fusion-flex-align-items-center fusion-flex-content-wrap\" style=\"max-width:1393.6px;margin-left: calc(-4% \/ 2 );margin-right: calc(-4% \/ 2 );\"><div class=\"fusion-layout-column fusion_builder_column fusion-builder-column-0 fusion_builder_column_1_2 1_2 fusion-flex-column\" style=\"--awb-bg-size:cover;--awb-width-large:50%;--awb-margin-top-large:0px;--awb-spacing-right-large:3.84%;--awb-margin-bottom-large:0px;--awb-spacing-left-large:3.84%;--awb-width-medium:50%;--awb-order-medium:0;--awb-spacing-right-medium:3.84%;--awb-margin-bottom-medium:20px;--awb-spacing-left-medium:3.84%;--awb-width-small:100%;--awb-order-small:0;--awb-spacing-right-small:1.92%;--awb-spacing-left-small:1.92%;\"><div class=\"fusion-column-wrapper fusion-column-has-shadow fusion-flex-justify-content-flex-start fusion-content-layout-column\"><div class=\"fusion-title title fusion-title-1 fusion-sep-none fusion-title-text fusion-title-size-two\" style=\"--awb-text-color:var(--awb-color7);\"><h2 class=\"fusion-title-heading title-heading-left fusion-responsive-typography-calculated\" style=\"margin:0;--fontSize:54;line-height:1.2;\"><p style=\"text-align: left;\"><strong>Location d&rsquo;entrep\u00f4t Paleo Faliro<\/strong><\/p><\/h2><\/div><div class=\"fusion-separator\" style=\"align-self: flex-start;margin-right:auto;margin-top:15px;margin-bottom:35px;width:100%;max-width:50px;\"><div class=\"fusion-separator-border sep-single sep-solid\" style=\"--awb-height:20px;--awb-amount:20px;--awb-sep-color:var(--awb-color7);border-color:var(--awb-color7);border-top-width:2px;\"><\/div><\/div><div class=\"fusion-text fusion-text-1\" style=\"--awb-text-transform:none;--awb-text-color:#000000;\"><p>Notre entreprise dispose d&rsquo;entrep\u00f4ts ind\u00e9pendants et propose des services de self-stockage innovants, en louant de petits entrep\u00f4ts dans une propri\u00e9t\u00e9 au 2\u00e8me \u00e9tage, pr\u00e8s de Paleo Faliro, r\u00e9nov\u00e9s, propres, lumineux et a\u00e9r\u00e9s.<\/p>\n<p>Dans le cadre de nos services, nous proposons dans des garde-meubles priv\u00e9s des solutions sp\u00e9cialis\u00e9es pour le stockage et la garde de vos biens (tels que le stockage et la garde d&rsquo;articles saisonniers, d&rsquo;\u00e9quipements sportifs, d&rsquo;articles de loisirs, d&rsquo;h\u00e9ritage familial, de meubles, de tapis, de archives ou de marchandises), ainsi que les \u00e9quipements m\u00e9nagers ou professionnels (en cas de d\u00e9m\u00e9nagement temporaire ou de r\u00e9novation de votre habitation ou de votre entreprise).<\/p>\n<\/div><\/div><\/div><div class=\"fusion-layout-column fusion_builder_column fusion-builder-column-1 fusion_builder_column_1_2 1_2 fusion-flex-column\" style=\"--awb-bg-size:cover;--awb-width-large:50%;--awb-margin-top-large:0px;--awb-spacing-right-large:0px;--awb-margin-bottom-large:0px;--awb-spacing-left-large:3.84%;--awb-width-medium:25%;--awb-order-medium:0;--awb-margin-top-medium:30px;--awb-spacing-right-medium:0px;--awb-spacing-left-medium:7.68%;--awb-width-small:50%;--awb-order-small:0;--awb-spacing-right-small:0px;--awb-spacing-left-small:3.84%;\" data-scroll-devices=\"small-visibility,medium-visibility,large-visibility\"><div class=\"fusion-column-wrapper fusion-column-has-shadow fusion-flex-justify-content-flex-start fusion-content-layout-column\"><div class=\"fusion-image-element md-text-align-right\" style=\"--awb-aspect-ratio:5 \/ 4;--awb-object-position:16% 47%;--awb-caption-title-font-family:var(--h2_typography-font-family);--awb-caption-title-font-weight:var(--h2_typography-font-weight);--awb-caption-title-font-style:var(--h2_typography-font-style);--awb-caption-title-size:var(--h2_typography-font-size);--awb-caption-title-transform:var(--h2_typography-text-transform);--awb-caption-title-line-height:var(--h2_typography-line-height);--awb-caption-title-letter-spacing:var(--h2_typography-letter-spacing);\"><span class=\" fusion-imageframe imageframe-none imageframe-1 hover-type-none has-aspect-ratio\" style=\"border-radius:10px;\"><img decoding=\"async\" width=\"700\" height=\"1050\" alt=\"Location d&#039;entrep\u00f4t Paleo Faliro.\" src=\"https:\/\/boxstorage.gr\/wp-content\/uploads\/2024\/03\/apothikeutikoi-xvroi-aigaleo.jpg\" data-orig-src=\"https:\/\/boxstorage.gr\/wp-content\/uploads\/2024\/03\/apothikeutikoi-xvroi-aigaleo.jpg\" class=\"lazyload img-responsive wp-image-3604 img-with-aspect-ratio\" data-parent-fit=\"cover\" data-parent-container=\".fusion-image-element\" srcset=\"data:image\/svg+xml,%3Csvg%20xmlns%3D%27http%3A%2F%2Fwww.w3.org%2F2000%2Fsvg%27%20width%3D%27700%27%20height%3D%271050%27%20viewBox%3D%270%200%20700%201050%27%3E%3Crect%20width%3D%27700%27%20height%3D%271050%27%20fill-opacity%3D%220%22%2F%3E%3C%2Fsvg%3E\" data-srcset=\"https:\/\/boxstorage.gr\/wp-content\/uploads\/2024\/03\/apothikeutikoi-xvroi-aigaleo-200x300.jpg 200w, https:\/\/boxstorage.gr\/wp-content\/uploads\/2024\/03\/apothikeutikoi-xvroi-aigaleo-400x600.jpg 400w, https:\/\/boxstorage.gr\/wp-content\/uploads\/2024\/03\/apothikeutikoi-xvroi-aigaleo-600x900.jpg 600w, https:\/\/boxstorage.gr\/wp-content\/uploads\/2024\/03\/apothikeutikoi-xvroi-aigaleo.jpg 700w\" data-sizes=\"auto\" data-orig-sizes=\"(max-width: 768px) 100vw, 700px\" \/><\/span><\/div><\/div><\/div><\/div><\/div><div class=\"fusion-fullwidth fullwidth-box fusion-builder-row-2 fusion-flex-container has-pattern-background has-mask-background nonhundred-percent-fullwidth non-hundred-percent-height-scrolling\" style=\"--awb-border-color:rgba(84,37,98,0.53);--awb-border-radius-top-left:0px;--awb-border-radius-top-right:0px;--awb-border-radius-bottom-right:0px;--awb-border-radius-bottom-left:0px;--awb-padding-top:100px;--awb-padding-bottom:100px;--awb-margin-top:7vh;--awb-margin-bottom:7vh;--awb-background-color:rgba(84,37,98,0.53);--awb-flex-wrap:wrap;\" ><div class=\"fusion-builder-row fusion-row fusion-flex-align-items-flex-start fusion-flex-justify-content-space-between fusion-flex-content-wrap\" style=\"max-width:1393.6px;margin-left: calc(-4% \/ 2 );margin-right: calc(-4% \/ 2 );\"><div class=\"fusion-layout-column fusion_builder_column fusion-builder-column-2 fusion_builder_column_2_3 2_3 fusion-flex-column\" style=\"--awb-bg-size:cover;--awb-width-large:66.666666666667%;--awb-margin-top-large:0px;--awb-spacing-right-large:2.88%;--awb-margin-bottom-large:0px;--awb-spacing-left-large:2.88%;--awb-width-medium:66.666666666667%;--awb-order-medium:0;--awb-spacing-right-medium:2.88%;--awb-spacing-left-medium:2.88%;--awb-width-small:100%;--awb-order-small:0;--awb-spacing-right-small:1.92%;--awb-spacing-left-small:1.92%;\" data-scroll-devices=\"small-visibility,medium-visibility,large-visibility\"><div class=\"fusion-column-wrapper fusion-column-has-shadow fusion-flex-justify-content-flex-start fusion-content-layout-column\"><div class=\"fusion-title title fusion-title-2 fusion-sep-none fusion-title-center fusion-title-text fusion-title-size-div\" style=\"--awb-text-color:#000000;--awb-margin-bottom:5px;--awb-font-size:37px;\"><div class=\"fusion-title-heading title-heading-center title-heading-tag fusion-responsive-typography-calculated\" style=\"font-family:&quot;Manrope&quot;;font-style:normal;font-weight:400;margin:0;font-size:1em;--fontSize:37;line-height:1.2;\"><p style=\"text-align: left;\">Location d&rsquo;entrep\u00f4t Paleo Faliro, pourquoi nous choisir?<\/p><\/div><\/div><div class=\"fusion-title title fusion-title-3 fusion-sep-none fusion-title-center fusion-title-text fusion-title-size-two\" style=\"--awb-text-color:#ffffff;--awb-font-size:18px;\"><h2 class=\"fusion-title-heading title-heading-center fusion-responsive-typography-calculated\" style=\"margin:0;font-size:1em;--fontSize:18;--minFontSize:18;line-height:1.35;\"><p style=\"text-align: left;\">Forts de notre exp\u00e9rience dans le domaine de la location d\u2019espaces de stockage, nous connaissons vos besoins et op\u00e9rons de mani\u00e8re coh\u00e9rente et responsable. Dans nos unit\u00e9s de stockage, nous mettons \u00e0 disposition des espaces de stockage r\u00e9nov\u00e9s, propres et s\u00fbrs, couvrant toutes les exigences en mati\u00e8re de stockage, de protection et de conservation des marchandises, qu&rsquo;elles soient destin\u00e9es \u00e0 un usage professionnel ou personnel.<\/p>\n<ul>\n<li style=\"text-align: left;\">Vari\u00e9t\u00e9 de tailles d&rsquo;entrep\u00f4t.<\/li>\n<li style=\"text-align: left;\">Syst\u00e8mes modernes de s\u00e9curit\u00e9, de d\u00e9tection d&rsquo;incendie, de s\u00e9curit\u00e9 incendie et de ventilation.<\/li>\n<li style=\"text-align: left;\">Personnel sympathique et sp\u00e9cialis\u00e9.<\/li>\n<li style=\"text-align: left;\">Processus de location rapide et simple.<\/li>\n<li style=\"text-align: left;\">Prix \u200b\u200bde location bas.<\/li>\n<li style=\"text-align: left;\">Place de parking ind\u00e9pendante.<\/li>\n<li style=\"text-align: left;\">Acc\u00e8s \u00e0 l&rsquo;entrep\u00f4t sans rendez-vous.<\/li>\n<li style=\"text-align: left;\">Acc\u00e8s rapide \u00e0 l&rsquo;entrep\u00f4t en 30 minutes en voiture depuis n&rsquo;importe quel point de Paleo Faliro.<\/li>\n<\/ul><\/h2><\/div><\/div><\/div><div class=\"fusion-layout-column fusion_builder_column fusion-builder-column-3 fusion_builder_column_1_3 1_3 fusion-flex-column fusion-flex-align-self-center\" style=\"--awb-bg-size:cover;--awb-width-large:33.333333333333%;--awb-margin-top-large:0px;--awb-spacing-right-large:5.76%;--awb-margin-bottom-large:0px;--awb-spacing-left-large:5.76%;--awb-width-medium:33.333333333333%;--awb-order-medium:0;--awb-spacing-right-medium:5.76%;--awb-spacing-left-medium:5.76%;--awb-width-small:100%;--awb-order-small:0;--awb-spacing-right-small:1.92%;--awb-spacing-left-small:1.92%;\" data-scroll-devices=\"small-visibility,medium-visibility,large-visibility\"><div class=\"fusion-column-wrapper fusion-column-has-shadow fusion-flex-justify-content-center fusion-content-layout-column\"><div class=\"fusion-title title fusion-title-4 fusion-sep-none fusion-title-center fusion-title-text fusion-title-size-three\" style=\"--awb-text-color:var(--awb-color1);--awb-margin-bottom:5px;--awb-font-size:25px;\"><h3 class=\"fusion-title-heading title-heading-center fusion-responsive-typography-calculated\" style=\"font-family:&quot;Manrope&quot;;font-style:normal;font-weight:400;margin:0;font-size:1em;--fontSize:25;--minFontSize:25;line-height:1.2;\"><p style=\"text-align: center;\">Pour louer un entrep\u00f4t \u00e0 Paleo Faliro, contactez-nous.<\/p><\/h3><\/div><div style=\"text-align:center;\"><a class=\"fusion-button button-flat fusion-button-default-size button-custom fusion-button-default button-1 fusion-button-default-span fusion-button-default-type\" style=\"--button_accent_color:var(--awb-color1);--button_border_color:var(--awb-color1);--button_accent_hover_color:#ffffff;--button_border_hover_color:rgba(255,255,255,0);--button_gradient_top_color:var(--awb-color4);--button_gradient_bottom_color:var(--awb-color4);--button_gradient_top_color_hover:#2c2568;--button_gradient_bottom_color_hover:#2c2568;--button_margin-top:20px;\" target=\"_self\" href=\"https:\/\/boxstorage.gr\/fr\/contact\/\"><span class=\"fusion-button-text awb-button__text awb-button__text--default\">CONTACT<\/span><\/a><\/div><\/div><\/div><\/div><\/div><div class=\"fusion-fullwidth fullwidth-box fusion-builder-row-3 fusion-flex-container has-pattern-background has-mask-background nonhundred-percent-fullwidth non-hundred-percent-height-scrolling\" style=\"--awb-border-radius-top-left:0px;--awb-border-radius-top-right:0px;--awb-border-radius-bottom-right:0px;--awb-border-radius-bottom-left:0px;--awb-margin-top:50px;--awb-margin-bottom:100px;--awb-flex-wrap:wrap;\" ><div class=\"fusion-builder-row fusion-row fusion-flex-align-items-center fusion-flex-justify-content-space-around fusion-flex-content-wrap\" style=\"max-width:1393.6px;margin-left: calc(-4% \/ 2 );margin-right: calc(-4% \/ 2 );\"><div class=\"fusion-layout-column fusion_builder_column fusion-builder-column-4 fusion_builder_column_1_2 1_2 fusion-flex-column fusion-flex-align-self-center\" style=\"--awb-bg-size:cover;--awb-width-large:50%;--awb-margin-top-large:0px;--awb-spacing-right-large:3.84%;--awb-margin-bottom-large:0px;--awb-spacing-left-large:3.84%;--awb-width-medium:25%;--awb-order-medium:0;--awb-margin-top-medium:30px;--awb-spacing-right-medium:7.68%;--awb-spacing-left-medium:7.68%;--awb-width-small:50%;--awb-order-small:0;--awb-spacing-right-small:3.84%;--awb-spacing-left-small:3.84%;\"><div class=\"fusion-column-wrapper fusion-column-has-shadow fusion-flex-justify-content-flex-start fusion-content-layout-column\"><div class=\"fusion-image-element \" style=\"--awb-aspect-ratio:5 \/ 4;--awb-object-position:17% 49%;--awb-caption-title-font-family:var(--h2_typography-font-family);--awb-caption-title-font-weight:var(--h2_typography-font-weight);--awb-caption-title-font-style:var(--h2_typography-font-style);--awb-caption-title-size:var(--h2_typography-font-size);--awb-caption-title-transform:var(--h2_typography-text-transform);--awb-caption-title-line-height:var(--h2_typography-line-height);--awb-caption-title-letter-spacing:var(--h2_typography-letter-spacing);\"><span class=\" fusion-imageframe imageframe-none imageframe-2 hover-type-none has-aspect-ratio\" style=\"border-radius:10px;\"><img decoding=\"async\" width=\"700\" height=\"1050\" alt=\"zones de stockage Paleo Faliro\" src=\"https:\/\/boxstorage.gr\/wp-content\/uploads\/2024\/03\/storages-attiki.jpg\" data-orig-src=\"https:\/\/boxstorage.gr\/wp-content\/uploads\/2024\/03\/storages-attiki.jpg\" class=\"lazyload img-responsive wp-image-3609 img-with-aspect-ratio\" data-parent-fit=\"cover\" data-parent-container=\".fusion-image-element\" srcset=\"data:image\/svg+xml,%3Csvg%20xmlns%3D%27http%3A%2F%2Fwww.w3.org%2F2000%2Fsvg%27%20width%3D%27700%27%20height%3D%271050%27%20viewBox%3D%270%200%20700%201050%27%3E%3Crect%20width%3D%27700%27%20height%3D%271050%27%20fill-opacity%3D%220%22%2F%3E%3C%2Fsvg%3E\" data-srcset=\"https:\/\/boxstorage.gr\/wp-content\/uploads\/2024\/03\/storages-attiki-200x300.jpg 200w, https:\/\/boxstorage.gr\/wp-content\/uploads\/2024\/03\/storages-attiki-400x600.jpg 400w, https:\/\/boxstorage.gr\/wp-content\/uploads\/2024\/03\/storages-attiki-600x900.jpg 600w, https:\/\/boxstorage.gr\/wp-content\/uploads\/2024\/03\/storages-attiki.jpg 700w\" data-sizes=\"auto\" data-orig-sizes=\"(max-width: 768px) 100vw, 700px\" \/><\/span><\/div><\/div><\/div><div class=\"fusion-layout-column fusion_builder_column fusion-builder-column-5 fusion_builder_column_1_2 1_2 fusion-flex-column\" style=\"--awb-bg-size:cover;--awb-width-large:50%;--awb-margin-top-large:0px;--awb-spacing-right-large:3.84%;--awb-margin-bottom-large:0px;--awb-spacing-left-large:3.84%;--awb-width-medium:50%;--awb-order-medium:0;--awb-spacing-right-medium:3.84%;--awb-margin-bottom-medium:20px;--awb-spacing-left-medium:3.84%;--awb-width-small:100%;--awb-order-small:0;--awb-spacing-right-small:1.92%;--awb-spacing-left-small:1.92%;\"><div class=\"fusion-column-wrapper fusion-column-has-shadow fusion-flex-justify-content-flex-start fusion-content-layout-column\"><div class=\"fusion-title title fusion-title-5 fusion-sep-none fusion-title-text fusion-title-size-two\" style=\"--awb-text-color:var(--awb-color7);--awb-font-size:25px;\"><h2 class=\"fusion-title-heading title-heading-left fusion-responsive-typography-calculated\" style=\"margin:0;font-size:1em;--fontSize:25;--minFontSize:25;line-height:1.2;\"><strong>Location d&rsquo;espace de stockage Paleo Faliro<\/strong><\/h2><\/div><div class=\"fusion-separator\" style=\"align-self: flex-start;margin-right:auto;margin-top:15px;margin-bottom:35px;width:100%;max-width:80px;\"><div class=\"fusion-separator-border sep-single sep-solid\" style=\"--awb-height:20px;--awb-amount:20px;--awb-sep-color:var(--awb-color7);border-color:var(--awb-color7);border-top-width:2px;\"><\/div><\/div><div class=\"fusion-text fusion-text-2\" style=\"--awb-text-transform:none;--awb-text-color:#000000;\"><p>\u00c0 l&rsquo;issue du processus de location simple, le client re\u00e7oit la cl\u00e9 de son entrep\u00f4t et un code personnel \u00e0 6 chiffres (PIN), avec lequel il peut acc\u00e9der \u00e0 son espace de stockage priv\u00e9 tous les jours, de 08h00 \u00e0 22h00.<\/p>\n<ul>\n<li>Chargement, d\u00e9chargement et transport faciles des marchandises.<\/li>\n<li>Couverture d&rsquo;assurance des biens des biens stock\u00e9s.<\/li>\n<li>Des espaces r\u00e9nov\u00e9s et propres dans des installations modernes.<\/li>\n<\/ul>\n<\/div><\/div><\/div><\/div><\/div><\/p>\n","protected":false},"excerpt":{"rendered":"","protected":false},"author":5,"featured_media":0,"parent":0,"menu_order":0,"comment_status":"closed","ping_status":"closed","template":"100-width.php","meta":{"footnotes":""},"class_list":["post-3633","page","type-page","status-publish","hentry"],"aioseo_notices":[],"_links":{"self":[{"href":"https:\/\/boxstorage.gr\/fr\/wp-json\/wp\/v2\/pages\/3633","targetHints":{"allow":["GET"]}}],"collection":[{"href":"https:\/\/boxstorage.gr\/fr\/wp-json\/wp\/v2\/pages"}],"about":[{"href":"https:\/\/boxstorage.gr\/fr\/wp-json\/wp\/v2\/types\/page"}],"author":[{"embeddable":true,"href":"https:\/\/boxstorage.gr\/fr\/wp-json\/wp\/v2\/users\/5"}],"replies":[{"embeddable":true,"href":"https:\/\/boxstorage.gr\/fr\/wp-json\/wp\/v2\/comments?post=3633"}],"version-history":[{"count":0,"href":"https:\/\/boxstorage.gr\/fr\/wp-json\/wp\/v2\/pages\/3633\/revisions"}],"wp:attachment":[{"href":"https:\/\/boxstorage.gr\/fr\/wp-json\/wp\/v2\/media?parent=3633"}],"curies":[{"name":"wp","href":"https:\/\/api.w.org\/{rel}","templated":true}]}}